{"id":501,"date":"2021-02-21T01:57:46","date_gmt":"2021-02-21T07:57:46","guid":{"rendered":"https:\/\/interfluency.com\/?page_id=501"},"modified":"2021-02-21T19:31:39","modified_gmt":"2021-02-22T01:31:39","slug":"mapa-del-sitio","status":"publish","type":"page","link":"https:\/\/interfluency.com\/es\/mapa-del-sitio\/","title":{"rendered":"Mapa del Sitio"},"content":{"rendered":"<h2><a href=\"\/es\/\">Inicio<\/a><\/h2>\n<h2><a href=\"\/es\/general\/\">General<\/a><\/h2>\n<h3><a href=\"\/es\/general\/que-hacemos\/\">Qu\u00e9 hacemos<\/a><\/h3>\n<h3><a href=\"\/es\/general\/la-palabra-interfluency\/\">La palabra \u00abInterfluency\u00bb<\/a><\/h3>\n<h3><a href=\"\/es\/general\/clientela\/\">Clientela<\/a><\/h3>\n<h3><a href=\"\/es\/general\/nuestro-equipo\/\">Nuestro equipo<\/a><\/h3>\n<h2><a href=\"\/es\/servicios\/\">Servicios<\/a><\/h2>\n<h3><a href=\"\/es\/servicios\/linguistico\/\">Ling\u00fc\u00edstico<\/a><\/h3>\n<ul>\n<li><a href=\"\/es\/servicios\/linguistico\/traduccion\/\">Traducci\u00f3n<\/a><\/li>\n<li><a href=\"\/es\/servicios\/linguistico\/interpretacion\/\">Interpretaci\u00f3n<\/a><\/li>\n<li><a href=\"\/es\/servicios\/linguistico\/redaccion-correccion\/\">Redacci\u00f3n\/Correcci\u00f3n<\/a><\/li>\n<\/ul>\n<h3><a href=\"\/es\/servicios\/cultural\/\">Cultural<\/a><\/h3>\n<h3><a href=\"\/es\/servicios\/consultoria\/\">Consultor\u00eda<\/a><\/h3>\n<h2><a href=\"\/es\/recursos\/\">Recursos<\/a><\/h2>\n<h3><a href=\"\/es\/recursos\/para-clientes\/\">Para clientes<\/a><\/h3>\n<h3><a href=\"\/es\/recursos\/para-traductores\/\">Para traductores<\/a><\/h3>\n<h3><a href=\"\/es\/recursos\/interes-general\/\">Inter\u00e9s general<\/a><\/h3>\n<h2><a href=\"\/es\/testimonios\/\">Testimonios<\/a><\/h2>\n<h2><a href=\"\/es\/topics\/interflujos-idiomacultura-blog\/\">Blog<\/a><\/h2>\n<h2><a href=\"\/es\/mantente-informado\/\">Mantente informado<\/a><\/h2>\n<h2><a href=\"\/es\/aviso-de-derechos\/\">Aviso de Derechos<\/a><\/h2>\n<h2><a href=\"\/es\/politica-de-privacidad\/\">Pol\u00edtica de Privacidad<\/a><\/h2>\n<h2><a href=\"\/es\/contacto\/\">Contacto<\/a><\/h2>\n","protected":false},"excerpt":{"rendered":"<p>Inicio General Qu\u00e9 hacemos La palabra \u00abInterfluency\u00bb Clientela Nuestro equipo Servicios Ling\u00fc\u00edstico Traducci\u00f3n Interpretaci\u00f3n Redacci\u00f3n\/Correcci\u00f3n Cultural Consultor\u00eda Recursos Para clientes Para traductores Inter\u00e9s general Testimonios Blog Mantente informado Aviso de Derechos Pol\u00edtica de Privacidad Contacto<\/p>\n","protected":false},"author":4,"featured_media":0,"parent":0,"menu_order":998,"comment_status":"closed","ping_status":"closed","template":"","meta":{"_genesis_hide_title":false,"_genesis_hide_breadcrumbs":false,"_genesis_hide_singular_image":false,"_genesis_hide_footer_widgets":false,"_genesis_custom_body_class":"","_genesis_custom_post_class":"","_genesis_layout":"","footnotes":""},"class_list":{"0":"post-501","1":"page","2":"type-page","3":"status-publish","5":"entry"},"yoast_head":"<!-- This site is optimized with the Yoast SEO plugin v27.4 - https:\/\/yoast.com\/product\/yoast-seo-wordpress\/ -->\n<title>Mapa del Sitio - Interfluency<\/title>\n<meta name=\"robots\" content=\"index, follow, max-snippet:-1, max-image-preview:large, max-video-preview:-1\" \/>\n<link rel=\"canonical\" href=\"https:\/\/interfluency.com\/es\/mapa-del-sitio\/\" \/>\n<meta property=\"og:locale\" content=\"es_ES\" \/>\n<meta property=\"og:type\" content=\"article\" \/>\n<meta property=\"og:title\" content=\"Mapa del Sitio - Interfluency\" \/>\n<meta property=\"og:description\" content=\"Inicio General Qu\u00e9 hacemos La palabra \u00abInterfluency\u00bb Clientela Nuestro equipo Servicios Ling\u00fc\u00edstico Traducci\u00f3n Interpretaci\u00f3n Redacci\u00f3n\/Correcci\u00f3n Cultural Consultor\u00eda Recursos Para clientes Para traductores Inter\u00e9s general Testimonios Blog Mantente informado Aviso de Derechos Pol\u00edtica de Privacidad Contacto\" \/>\n<meta property=\"og:url\" content=\"https:\/\/interfluency.com\/es\/mapa-del-sitio\/\" \/>\n<meta property=\"og:site_name\" content=\"Interfluency\" \/>\n<meta property=\"article:modified_time\" content=\"2021-02-22T01:31:39+00:00\" \/>\n<meta name=\"twitter:card\" content=\"summary_large_image\" \/>\n<meta name=\"twitter:label1\" content=\"Tiempo de lectura\" \/>\n\t<meta name=\"twitter:data1\" content=\"1 minuto\" \/>\n<script type=\"application\/ld+json\" class=\"yoast-schema-graph\">{\"@context\":\"https:\\\/\\\/schema.org\",\"@graph\":[{\"@type\":\"WebPage\",\"@id\":\"https:\\\/\\\/interfluency.com\\\/es\\\/mapa-del-sitio\\\/\",\"url\":\"https:\\\/\\\/interfluency.com\\\/es\\\/mapa-del-sitio\\\/\",\"name\":\"Mapa del Sitio - Interfluency\",\"isPartOf\":{\"@id\":\"https:\\\/\\\/interfluency.com\\\/es\\\/#website\"},\"datePublished\":\"2021-02-21T07:57:46+00:00\",\"dateModified\":\"2021-02-22T01:31:39+00:00\",\"inLanguage\":\"es\",\"potentialAction\":[{\"@type\":\"ReadAction\",\"target\":[\"https:\\\/\\\/interfluency.com\\\/es\\\/mapa-del-sitio\\\/\"]}]},{\"@type\":\"WebSite\",\"@id\":\"https:\\\/\\\/interfluency.com\\\/es\\\/#website\",\"url\":\"https:\\\/\\\/interfluency.com\\\/es\\\/\",\"name\":\"Interfluency\",\"description\":\"\",\"publisher\":{\"@id\":\"https:\\\/\\\/interfluency.com\\\/es\\\/#organization\"},\"potentialAction\":[{\"@type\":\"SearchAction\",\"target\":{\"@type\":\"EntryPoint\",\"urlTemplate\":\"https:\\\/\\\/interfluency.com\\\/es\\\/?s={search_term_string}\"},\"query-input\":{\"@type\":\"PropertyValueSpecification\",\"valueRequired\":true,\"valueName\":\"search_term_string\"}}],\"inLanguage\":\"es\"},{\"@type\":\"Organization\",\"@id\":\"https:\\\/\\\/interfluency.com\\\/es\\\/#organization\",\"name\":\"Interfluency\u2122 Translation+Culture\",\"url\":\"https:\\\/\\\/interfluency.com\\\/es\\\/\",\"logo\":{\"@type\":\"ImageObject\",\"inLanguage\":\"es\",\"@id\":\"https:\\\/\\\/interfluency.com\\\/es\\\/#\\\/schema\\\/logo\\\/image\\\/\",\"url\":\"https:\\\/\\\/interfluency.com\\\/wp-content\\\/uploads\\\/2021\\\/02\\\/Logo-Symbol.png\",\"contentUrl\":\"https:\\\/\\\/interfluency.com\\\/wp-content\\\/uploads\\\/2021\\\/02\\\/Logo-Symbol.png\",\"width\":512,\"height\":512,\"caption\":\"Interfluency\u2122 Translation+Culture\"},\"image\":{\"@id\":\"https:\\\/\\\/interfluency.com\\\/es\\\/#\\\/schema\\\/logo\\\/image\\\/\"}}]}<\/script>\n<!-- \/ Yoast SEO plugin. -->","yoast_head_json":{"title":"Mapa del Sitio - Interfluency","robots":{"index":"index","follow":"follow","max-snippet":"max-snippet:-1","max-image-preview":"max-image-preview:large","max-video-preview":"max-video-preview:-1"},"canonical":"https:\/\/interfluency.com\/es\/mapa-del-sitio\/","og_locale":"es_ES","og_type":"article","og_title":"Mapa del Sitio - Interfluency","og_description":"Inicio General Qu\u00e9 hacemos La palabra \u00abInterfluency\u00bb Clientela Nuestro equipo Servicios Ling\u00fc\u00edstico Traducci\u00f3n Interpretaci\u00f3n Redacci\u00f3n\/Correcci\u00f3n Cultural Consultor\u00eda Recursos Para clientes Para traductores Inter\u00e9s general Testimonios Blog Mantente informado Aviso de Derechos Pol\u00edtica de Privacidad Contacto","og_url":"https:\/\/interfluency.com\/es\/mapa-del-sitio\/","og_site_name":"Interfluency","article_modified_time":"2021-02-22T01:31:39+00:00","twitter_card":"summary_large_image","twitter_misc":{"Tiempo de lectura":"1 minuto"},"schema":{"@context":"https:\/\/schema.org","@graph":[{"@type":"WebPage","@id":"https:\/\/interfluency.com\/es\/mapa-del-sitio\/","url":"https:\/\/interfluency.com\/es\/mapa-del-sitio\/","name":"Mapa del Sitio - Interfluency","isPartOf":{"@id":"https:\/\/interfluency.com\/es\/#website"},"datePublished":"2021-02-21T07:57:46+00:00","dateModified":"2021-02-22T01:31:39+00:00","inLanguage":"es","potentialAction":[{"@type":"ReadAction","target":["https:\/\/interfluency.com\/es\/mapa-del-sitio\/"]}]},{"@type":"WebSite","@id":"https:\/\/interfluency.com\/es\/#website","url":"https:\/\/interfluency.com\/es\/","name":"Interfluency","description":"","publisher":{"@id":"https:\/\/interfluency.com\/es\/#organization"},"potentialAction":[{"@type":"SearchAction","target":{"@type":"EntryPoint","urlTemplate":"https:\/\/interfluency.com\/es\/?s={search_term_string}"},"query-input":{"@type":"PropertyValueSpecification","valueRequired":true,"valueName":"search_term_string"}}],"inLanguage":"es"},{"@type":"Organization","@id":"https:\/\/interfluency.com\/es\/#organization","name":"Interfluency\u2122 Translation+Culture","url":"https:\/\/interfluency.com\/es\/","logo":{"@type":"ImageObject","inLanguage":"es","@id":"https:\/\/interfluency.com\/es\/#\/schema\/logo\/image\/","url":"https:\/\/interfluency.com\/wp-content\/uploads\/2021\/02\/Logo-Symbol.png","contentUrl":"https:\/\/interfluency.com\/wp-content\/uploads\/2021\/02\/Logo-Symbol.png","width":512,"height":512,"caption":"Interfluency\u2122 Translation+Culture"},"image":{"@id":"https:\/\/interfluency.com\/es\/#\/schema\/logo\/image\/"}}]}},"_links":{"self":[{"href":"https:\/\/interfluency.com\/es\/wp-json\/wp\/v2\/pages\/501","targetHints":{"allow":["GET"]}}],"collection":[{"href":"https:\/\/interfluency.com\/es\/wp-json\/wp\/v2\/pages"}],"about":[{"href":"https:\/\/interfluency.com\/es\/wp-json\/wp\/v2\/types\/page"}],"author":[{"embeddable":true,"href":"https:\/\/interfluency.com\/es\/wp-json\/wp\/v2\/users\/4"}],"replies":[{"embeddable":true,"href":"https:\/\/interfluency.com\/es\/wp-json\/wp\/v2\/comments?post=501"}],"version-history":[{"count":4,"href":"https:\/\/interfluency.com\/es\/wp-json\/wp\/v2\/pages\/501\/revisions"}],"predecessor-version":[{"id":859,"href":"https:\/\/interfluency.com\/es\/wp-json\/wp\/v2\/pages\/501\/revisions\/859"}],"wp:attachment":[{"href":"https:\/\/interfluency.com\/es\/wp-json\/wp\/v2\/media?parent=501"}],"curies":[{"name":"wp","href":"https:\/\/api.w.org\/{rel}","templated":true}]}}