{"id":496,"date":"2021-02-21T01:56:00","date_gmt":"2021-02-21T07:56:00","guid":{"rendered":"https:\/\/interfluency.com\/?page_id=496"},"modified":"2021-02-25T07:40:23","modified_gmt":"2021-02-25T13:40:23","slug":"politica-de-privacidad","status":"publish","type":"page","link":"https:\/\/interfluency.com\/es\/politica-de-privacidad\/","title":{"rendered":"Pol\u00edtica de Privacidad"},"content":{"rendered":"<p>Este Sitio Web es propiedad de Interfluency. Interfluency respeta la privacidad de nuestros visitantes y esta pol\u00edtica de privacidad describe de qu\u00e9 modo recopilamos, utilizamos y revelamos la informaci\u00f3n que usted nos proporcione a trav\u00e9s de este Sitio Web. Por favor, t\u00f3mese unos minutos para leer esta Pol\u00edtica de Privacidad antes de utilizar el Sitio Web o enviar informaci\u00f3n al mismo.<\/p>\n<h2>Informaci\u00f3n no personal<\/h2>\n<p>Cuando visite este Sitio Web o descargue informaci\u00f3n al mismo, Interfluency puede recopilar cierta informaci\u00f3n acerca de usted, desde el navegador Web de su computadora. Esta informaci\u00f3n es de naturaleza estrictamente \u00abno personal\u00bb, y puede incluir lo siguiente:<\/p>\n<ul>\n<li>la direcci\u00f3n de Internet del Sitio Web desde el que se conect\u00f3 directamente a nuestro Sitio Web<\/li>\n<li>la fecha y hora de acceso a nuestro Sitio Web<\/li>\n<li>el tipo de software de navegaci\u00f3n utilizado<\/li>\n<li>p\u00e1ginas visitadas en nuestro Sitio Web<\/li>\n<li>informaci\u00f3n des-identificada (\u00abno personal\u00bb) y el dominio desde el que accede a Internet<\/li>\n<\/ul>\n<p>Esta informaci\u00f3n se utiliza para mejorar el rendimiento y contenido de nuestras p\u00e1ginas web para los visitantes.<\/p>\n<h2>El respeto por su privacidad<\/h2>\n<p>Interfluency no recopilar\u00e1 la direcci\u00f3n de e-mail de usted, su nombre, direcci\u00f3n ni ninguna otra informaci\u00f3n personal a menos que usted nos env\u00ede dicha informaci\u00f3n \u00abpersonal\u00bb. Usted puede proveernos su direcci\u00f3n postal y\/o de correo electr\u00f3nico para recibir boletines ocasionales e informaci\u00f3n de Interfluency. Si utilizamos a terceros para realizar dichos env\u00edos , compartiremos la direcci\u00f3n de correo electr\u00f3nico de usted \u00fanicamente para ese prop\u00f3sito.<\/p>\n<p>Nunca venderemos, alquilaremos ni revelaremos su direcci\u00f3n de correo electr\u00f3nico a terceros.<\/p>\n<h2>Direcciones IP<\/h2>\n<p>El servidor Web recopila autom\u00e1ticamente la direcci\u00f3n IP (siglas de Internet Protocol) de los equipos que acceden a nuestro sitio. Una direcci\u00f3n IP es un n\u00famero que se asigna a su computadora cuando usted accede a Internet. No es informaci\u00f3n de identificaci\u00f3n personal que verdaderamente porque muchos individuos diferentes pueden acceder a Internet a trav\u00e9s del mismo equipo. Utilizamos esta informaci\u00f3n en forma agregada para entender c\u00f3mo nuestro sitio se utiliza y c\u00f3mo podemos servir mejor a los visitantes.<\/p>\n<h2>Galletas<\/h2>\n<p>Cuando usted visita este sitio web, Interfluency puede colocar un archivo de texto (o \u00abcookie\u00bb) en los archivos del navegador de disco duro de su ordenador con el fin de recoger estrictamente la informaci\u00f3n no personal, una pr\u00e1ctica com\u00fan en los sitios m\u00e1s comerciales. Para obtener m\u00e1s informaci\u00f3n acerca de las cookies, haz clic en el <a href=\"https:\/\/interfluency.com\/wp-content\/uploads\/2015\/12\/U.S._Government_Information_Bulletin_I-034.pdf\" target=\"_blank\" rel=\"noopener\">Bolet\u00edn de Informaci\u00f3n del Gobierno de EE.UU<\/a>.<\/p>\n<p>En ning\u00fan caso Interfluency permitir a terceros para depositar cookies en este sitio web.<\/p>\n<h2>M\u00e1s Informaci\u00f3n<\/h2>\n<p>Para obtener m\u00e1s informaci\u00f3n, consulte nuestro <span id=\"docs-internal-guid-2400eebf-baa6-3986-1f71-1ad202f36d28\"><a href=\"https:\/\/interfluency.com\/es\/aviso-de-derechos\/\">Aviso de Derechos\u00a0de Autor<\/a>. Si tiene alguna otra pregunta acerca de nuestra Pol\u00edtica de Privacidad, por favor\u00a0<span id=\"docs-internal-guid-2400eebf-baa7-efa6-78e8-571554cbb0b5\">p\u00f3ngase en <a href=\"https:\/\/interfluency.com\/es\/contacto\/\">contacto con nosotros<\/a>.<\/span><\/span><\/p>\n<p>ESTE AVISO LEGAL EST\u00c1 SUJETO A CAMBIOS SIN PREVIO AVISO.<\/p>\n","protected":false},"excerpt":{"rendered":"<p>Este Sitio Web es propiedad de Interfluency. Interfluency respeta la privacidad de nuestros visitantes y esta pol\u00edtica de privacidad describe de qu\u00e9 modo recopilamos, utilizamos y revelamos la informaci\u00f3n que usted nos proporcione a trav\u00e9s de este Sitio Web. Por favor, t\u00f3mese unos minutos para leer esta Pol\u00edtica de Privacidad antes de utilizar el Sitio [&hellip;]<\/p>\n","protected":false},"author":4,"featured_media":0,"parent":0,"menu_order":997,"comment_status":"closed","ping_status":"closed","template":"","meta":{"_genesis_hide_title":false,"_genesis_hide_breadcrumbs":false,"_genesis_hide_singular_image":false,"_genesis_hide_footer_widgets":false,"_genesis_custom_body_class":"","_genesis_custom_post_class":"","_genesis_layout":"","footnotes":""},"class_list":{"0":"post-496","1":"page","2":"type-page","3":"status-publish","5":"entry"},"yoast_head":"<!-- This site is optimized with the Yoast SEO plugin v27.5 - https:\/\/yoast.com\/product\/yoast-seo-wordpress\/ -->\n<title>Pol\u00edtica de Privacidad - Interfluency<\/title>\n<meta name=\"robots\" content=\"index, follow, max-snippet:-1, max-image-preview:large, max-video-preview:-1\" \/>\n<link rel=\"canonical\" href=\"https:\/\/interfluency.com\/es\/politica-de-privacidad\/\" \/>\n<meta property=\"og:locale\" content=\"es_ES\" \/>\n<meta property=\"og:type\" content=\"article\" \/>\n<meta property=\"og:title\" content=\"Pol\u00edtica de Privacidad - Interfluency\" \/>\n<meta property=\"og:description\" content=\"Este Sitio Web es propiedad de Interfluency. Interfluency respeta la privacidad de nuestros visitantes y esta pol\u00edtica de privacidad describe de qu\u00e9 modo recopilamos, utilizamos y revelamos la informaci\u00f3n que usted nos proporcione a trav\u00e9s de este Sitio Web. Por favor, t\u00f3mese unos minutos para leer esta Pol\u00edtica de Privacidad antes de utilizar el Sitio [&hellip;]\" \/>\n<meta property=\"og:url\" content=\"https:\/\/interfluency.com\/es\/politica-de-privacidad\/\" \/>\n<meta property=\"og:site_name\" content=\"Interfluency\" \/>\n<meta property=\"article:modified_time\" content=\"2021-02-25T13:40:23+00:00\" \/>\n<meta name=\"twitter:card\" content=\"summary_large_image\" \/>\n<meta name=\"twitter:label1\" content=\"Tiempo de lectura\" \/>\n\t<meta name=\"twitter:data1\" content=\"2 minutos\" \/>\n<script type=\"application\/ld+json\" class=\"yoast-schema-graph\">{\"@context\":\"https:\\\/\\\/schema.org\",\"@graph\":[{\"@type\":\"WebPage\",\"@id\":\"https:\\\/\\\/interfluency.com\\\/es\\\/politica-de-privacidad\\\/\",\"url\":\"https:\\\/\\\/interfluency.com\\\/es\\\/politica-de-privacidad\\\/\",\"name\":\"Pol\u00edtica de Privacidad - Interfluency\",\"isPartOf\":{\"@id\":\"https:\\\/\\\/interfluency.com\\\/es\\\/#website\"},\"datePublished\":\"2021-02-21T07:56:00+00:00\",\"dateModified\":\"2021-02-25T13:40:23+00:00\",\"inLanguage\":\"es\",\"potentialAction\":[{\"@type\":\"ReadAction\",\"target\":[\"https:\\\/\\\/interfluency.com\\\/es\\\/politica-de-privacidad\\\/\"]}]},{\"@type\":\"WebSite\",\"@id\":\"https:\\\/\\\/interfluency.com\\\/es\\\/#website\",\"url\":\"https:\\\/\\\/interfluency.com\\\/es\\\/\",\"name\":\"Interfluency\",\"description\":\"\",\"publisher\":{\"@id\":\"https:\\\/\\\/interfluency.com\\\/es\\\/#organization\"},\"potentialAction\":[{\"@type\":\"SearchAction\",\"target\":{\"@type\":\"EntryPoint\",\"urlTemplate\":\"https:\\\/\\\/interfluency.com\\\/es\\\/?s={search_term_string}\"},\"query-input\":{\"@type\":\"PropertyValueSpecification\",\"valueRequired\":true,\"valueName\":\"search_term_string\"}}],\"inLanguage\":\"es\"},{\"@type\":\"Organization\",\"@id\":\"https:\\\/\\\/interfluency.com\\\/es\\\/#organization\",\"name\":\"Interfluency\u2122 Translation+Culture\",\"url\":\"https:\\\/\\\/interfluency.com\\\/es\\\/\",\"logo\":{\"@type\":\"ImageObject\",\"inLanguage\":\"es\",\"@id\":\"https:\\\/\\\/interfluency.com\\\/es\\\/#\\\/schema\\\/logo\\\/image\\\/\",\"url\":\"https:\\\/\\\/interfluency.com\\\/wp-content\\\/uploads\\\/2021\\\/02\\\/Logo-Symbol.png\",\"contentUrl\":\"https:\\\/\\\/interfluency.com\\\/wp-content\\\/uploads\\\/2021\\\/02\\\/Logo-Symbol.png\",\"width\":512,\"height\":512,\"caption\":\"Interfluency\u2122 Translation+Culture\"},\"image\":{\"@id\":\"https:\\\/\\\/interfluency.com\\\/es\\\/#\\\/schema\\\/logo\\\/image\\\/\"}}]}<\/script>\n<!-- \/ Yoast SEO plugin. -->","yoast_head_json":{"title":"Pol\u00edtica de Privacidad - Interfluency","robots":{"index":"index","follow":"follow","max-snippet":"max-snippet:-1","max-image-preview":"max-image-preview:large","max-video-preview":"max-video-preview:-1"},"canonical":"https:\/\/interfluency.com\/es\/politica-de-privacidad\/","og_locale":"es_ES","og_type":"article","og_title":"Pol\u00edtica de Privacidad - Interfluency","og_description":"Este Sitio Web es propiedad de Interfluency. Interfluency respeta la privacidad de nuestros visitantes y esta pol\u00edtica de privacidad describe de qu\u00e9 modo recopilamos, utilizamos y revelamos la informaci\u00f3n que usted nos proporcione a trav\u00e9s de este Sitio Web. Por favor, t\u00f3mese unos minutos para leer esta Pol\u00edtica de Privacidad antes de utilizar el Sitio [&hellip;]","og_url":"https:\/\/interfluency.com\/es\/politica-de-privacidad\/","og_site_name":"Interfluency","article_modified_time":"2021-02-25T13:40:23+00:00","twitter_card":"summary_large_image","twitter_misc":{"Tiempo de lectura":"2 minutos"},"schema":{"@context":"https:\/\/schema.org","@graph":[{"@type":"WebPage","@id":"https:\/\/interfluency.com\/es\/politica-de-privacidad\/","url":"https:\/\/interfluency.com\/es\/politica-de-privacidad\/","name":"Pol\u00edtica de Privacidad - Interfluency","isPartOf":{"@id":"https:\/\/interfluency.com\/es\/#website"},"datePublished":"2021-02-21T07:56:00+00:00","dateModified":"2021-02-25T13:40:23+00:00","inLanguage":"es","potentialAction":[{"@type":"ReadAction","target":["https:\/\/interfluency.com\/es\/politica-de-privacidad\/"]}]},{"@type":"WebSite","@id":"https:\/\/interfluency.com\/es\/#website","url":"https:\/\/interfluency.com\/es\/","name":"Interfluency","description":"","publisher":{"@id":"https:\/\/interfluency.com\/es\/#organization"},"potentialAction":[{"@type":"SearchAction","target":{"@type":"EntryPoint","urlTemplate":"https:\/\/interfluency.com\/es\/?s={search_term_string}"},"query-input":{"@type":"PropertyValueSpecification","valueRequired":true,"valueName":"search_term_string"}}],"inLanguage":"es"},{"@type":"Organization","@id":"https:\/\/interfluency.com\/es\/#organization","name":"Interfluency\u2122 Translation+Culture","url":"https:\/\/interfluency.com\/es\/","logo":{"@type":"ImageObject","inLanguage":"es","@id":"https:\/\/interfluency.com\/es\/#\/schema\/logo\/image\/","url":"https:\/\/interfluency.com\/wp-content\/uploads\/2021\/02\/Logo-Symbol.png","contentUrl":"https:\/\/interfluency.com\/wp-content\/uploads\/2021\/02\/Logo-Symbol.png","width":512,"height":512,"caption":"Interfluency\u2122 Translation+Culture"},"image":{"@id":"https:\/\/interfluency.com\/es\/#\/schema\/logo\/image\/"}}]}},"_links":{"self":[{"href":"https:\/\/interfluency.com\/es\/wp-json\/wp\/v2\/pages\/496","targetHints":{"allow":["GET"]}}],"collection":[{"href":"https:\/\/interfluency.com\/es\/wp-json\/wp\/v2\/pages"}],"about":[{"href":"https:\/\/interfluency.com\/es\/wp-json\/wp\/v2\/types\/page"}],"author":[{"embeddable":true,"href":"https:\/\/interfluency.com\/es\/wp-json\/wp\/v2\/users\/4"}],"replies":[{"embeddable":true,"href":"https:\/\/interfluency.com\/es\/wp-json\/wp\/v2\/comments?post=496"}],"version-history":[{"count":4,"href":"https:\/\/interfluency.com\/es\/wp-json\/wp\/v2\/pages\/496\/revisions"}],"predecessor-version":[{"id":1015,"href":"https:\/\/interfluency.com\/es\/wp-json\/wp\/v2\/pages\/496\/revisions\/1015"}],"wp:attachment":[{"href":"https:\/\/interfluency.com\/es\/wp-json\/wp\/v2\/media?parent=496"}],"curies":[{"name":"wp","href":"https:\/\/api.w.org\/{rel}","templated":true}]}}