{"id":495,"date":"2021-02-21T01:54:19","date_gmt":"2021-02-21T07:54:19","guid":{"rendered":"https:\/\/interfluency.com\/?page_id=495"},"modified":"2021-02-25T07:38:45","modified_gmt":"2021-02-25T13:38:45","slug":"aviso-de-derechos","status":"publish","type":"page","link":"https:\/\/interfluency.com\/es\/aviso-de-derechos\/","title":{"rendered":"Aviso de Derechos"},"content":{"rendered":"<p>Interfluency ha proporcionado este Sitio Web para informaci\u00f3n general y se reserva el derecho de suprimir, modificar o ampliar los contenidos de este Sitio Web en cualquier momento y por cualquier raz\u00f3n, sin notificaci\u00f3n.<\/p>\n<p>El contenido de este Sitio Web es propiedad o est\u00e1 controlado por Interfluency y est\u00e1 protegido por derechos de autor y leyes de marca registrada. Usted no puede copiar, reproducir, volver a publicar, cargar, publicar, exhibir, transmitir, o enmarcar cualquier de estos materiales sin el consentimiento previo por escrito de los propietarios del copyright, excepto que usted puede ver, descargar, visualizar e imprimir una sola copia de estos materiales en una sola computadora para su uso personal, no comercial, siempre y cuando usted: (1) no altere ni modique los materiales de ninguna manera, (2) incluya todos los avisos y descargos de responsabilidad (incluyendo informaci\u00f3n de copyright), y (3) no utilice los materiales de ninguna manera que implique una asociaci\u00f3n con Interfluency. Usted entiende y acepta que el t\u00edtulo de estos materiales no pasar\u00e1 a usted ni a cualquier otro usuario.<\/p>\n<p>Interfluency no hace ninguna representaci\u00f3n, garant\u00eda ni aseguramiento en cuanto a la disponibilidad, exactitud, actualidad o integridad de este Sitio Web o su contenido. Interfluency no ser\u00e1 responsable por ning\u00fan da\u00f1o o perjuicio motivado por el acceso o imposibilidad de acceso a este Sitio Web ni por el uso que haga usted de cualquier informaci\u00f3n proporcionada en este Sitio Web.<\/p>\n<p>Este Sitio Web est\u00e1 vinculado a otros sitios web. Interfluency no respalda ni tiene responsabilidad alguna por el contenido de dichos sitios web. Cualquier comunicaci\u00f3n que env\u00ede usted a este Sitio Web ser\u00e1 considerada como no confidencial, y Interfluency no tiene la obligaci\u00f3n de abstenerse de reproducir, publicar o utilizarla de cualquier forma o para cualquier prop\u00f3sito. Interfluency es y ser\u00e1 libre de utilizar el contenido de dichas comunicaciones, inclu\u00eddas ideas, invenciones, conceptos, t\u00e9cnicas o conocimientos t\u00e9cnicos divulgados en las mismas, para cualquier prop\u00f3sito, inclu\u00eddo el desarrollo, fabricaci\u00f3n y \/ o comercializaci\u00f3n de bienes o servicios .<\/p>\n<p>ESTE AVISO LEGAL EST\u00c1 SUJETO A CAMBIOS SIN PREVIO AVISO.<\/p>\n","protected":false},"excerpt":{"rendered":"<p>Interfluency ha proporcionado este Sitio Web para informaci\u00f3n general y se reserva el derecho de suprimir, modificar o ampliar los contenidos de este Sitio Web en cualquier momento y por cualquier raz\u00f3n, sin notificaci\u00f3n. El contenido de este Sitio Web es propiedad o est\u00e1 controlado por Interfluency y est\u00e1 protegido por derechos de autor y [&hellip;]<\/p>\n","protected":false},"author":4,"featured_media":0,"parent":0,"menu_order":996,"comment_status":"closed","ping_status":"closed","template":"","meta":{"_genesis_hide_title":false,"_genesis_hide_breadcrumbs":false,"_genesis_hide_singular_image":false,"_genesis_hide_footer_widgets":false,"_genesis_custom_body_class":"","_genesis_custom_post_class":"","_genesis_layout":"","footnotes":""},"class_list":{"0":"post-495","1":"page","2":"type-page","3":"status-publish","5":"entry"},"yoast_head":"<!-- This site is optimized with the Yoast SEO plugin v27.5 - https:\/\/yoast.com\/product\/yoast-seo-wordpress\/ -->\n<title>Aviso de Derechos - Interfluency<\/title>\n<meta name=\"robots\" content=\"index, follow, max-snippet:-1, max-image-preview:large, max-video-preview:-1\" \/>\n<link rel=\"canonical\" href=\"https:\/\/interfluency.com\/es\/aviso-de-derechos\/\" \/>\n<meta property=\"og:locale\" content=\"es_ES\" \/>\n<meta property=\"og:type\" content=\"article\" \/>\n<meta property=\"og:title\" content=\"Aviso de Derechos - Interfluency\" \/>\n<meta property=\"og:description\" content=\"Interfluency ha proporcionado este Sitio Web para informaci\u00f3n general y se reserva el derecho de suprimir, modificar o ampliar los contenidos de este Sitio Web en cualquier momento y por cualquier raz\u00f3n, sin notificaci\u00f3n. El contenido de este Sitio Web es propiedad o est\u00e1 controlado por Interfluency y est\u00e1 protegido por derechos de autor y [&hellip;]\" \/>\n<meta property=\"og:url\" content=\"https:\/\/interfluency.com\/es\/aviso-de-derechos\/\" \/>\n<meta property=\"og:site_name\" content=\"Interfluency\" \/>\n<meta property=\"article:modified_time\" content=\"2021-02-25T13:38:45+00:00\" \/>\n<meta name=\"twitter:card\" content=\"summary_large_image\" \/>\n<meta name=\"twitter:label1\" content=\"Tiempo de lectura\" \/>\n\t<meta name=\"twitter:data1\" content=\"2 minutos\" \/>\n<script type=\"application\/ld+json\" class=\"yoast-schema-graph\">{\"@context\":\"https:\\\/\\\/schema.org\",\"@graph\":[{\"@type\":\"WebPage\",\"@id\":\"https:\\\/\\\/interfluency.com\\\/es\\\/aviso-de-derechos\\\/\",\"url\":\"https:\\\/\\\/interfluency.com\\\/es\\\/aviso-de-derechos\\\/\",\"name\":\"Aviso de Derechos - Interfluency\",\"isPartOf\":{\"@id\":\"https:\\\/\\\/interfluency.com\\\/es\\\/#website\"},\"datePublished\":\"2021-02-21T07:54:19+00:00\",\"dateModified\":\"2021-02-25T13:38:45+00:00\",\"inLanguage\":\"es\",\"potentialAction\":[{\"@type\":\"ReadAction\",\"target\":[\"https:\\\/\\\/interfluency.com\\\/es\\\/aviso-de-derechos\\\/\"]}]},{\"@type\":\"WebSite\",\"@id\":\"https:\\\/\\\/interfluency.com\\\/es\\\/#website\",\"url\":\"https:\\\/\\\/interfluency.com\\\/es\\\/\",\"name\":\"Interfluency\",\"description\":\"\",\"publisher\":{\"@id\":\"https:\\\/\\\/interfluency.com\\\/es\\\/#organization\"},\"potentialAction\":[{\"@type\":\"SearchAction\",\"target\":{\"@type\":\"EntryPoint\",\"urlTemplate\":\"https:\\\/\\\/interfluency.com\\\/es\\\/?s={search_term_string}\"},\"query-input\":{\"@type\":\"PropertyValueSpecification\",\"valueRequired\":true,\"valueName\":\"search_term_string\"}}],\"inLanguage\":\"es\"},{\"@type\":\"Organization\",\"@id\":\"https:\\\/\\\/interfluency.com\\\/es\\\/#organization\",\"name\":\"Interfluency\u2122 Translation+Culture\",\"url\":\"https:\\\/\\\/interfluency.com\\\/es\\\/\",\"logo\":{\"@type\":\"ImageObject\",\"inLanguage\":\"es\",\"@id\":\"https:\\\/\\\/interfluency.com\\\/es\\\/#\\\/schema\\\/logo\\\/image\\\/\",\"url\":\"https:\\\/\\\/interfluency.com\\\/wp-content\\\/uploads\\\/2021\\\/02\\\/Logo-Symbol.png\",\"contentUrl\":\"https:\\\/\\\/interfluency.com\\\/wp-content\\\/uploads\\\/2021\\\/02\\\/Logo-Symbol.png\",\"width\":512,\"height\":512,\"caption\":\"Interfluency\u2122 Translation+Culture\"},\"image\":{\"@id\":\"https:\\\/\\\/interfluency.com\\\/es\\\/#\\\/schema\\\/logo\\\/image\\\/\"}}]}<\/script>\n<!-- \/ Yoast SEO plugin. -->","yoast_head_json":{"title":"Aviso de Derechos - Interfluency","robots":{"index":"index","follow":"follow","max-snippet":"max-snippet:-1","max-image-preview":"max-image-preview:large","max-video-preview":"max-video-preview:-1"},"canonical":"https:\/\/interfluency.com\/es\/aviso-de-derechos\/","og_locale":"es_ES","og_type":"article","og_title":"Aviso de Derechos - Interfluency","og_description":"Interfluency ha proporcionado este Sitio Web para informaci\u00f3n general y se reserva el derecho de suprimir, modificar o ampliar los contenidos de este Sitio Web en cualquier momento y por cualquier raz\u00f3n, sin notificaci\u00f3n. El contenido de este Sitio Web es propiedad o est\u00e1 controlado por Interfluency y est\u00e1 protegido por derechos de autor y [&hellip;]","og_url":"https:\/\/interfluency.com\/es\/aviso-de-derechos\/","og_site_name":"Interfluency","article_modified_time":"2021-02-25T13:38:45+00:00","twitter_card":"summary_large_image","twitter_misc":{"Tiempo de lectura":"2 minutos"},"schema":{"@context":"https:\/\/schema.org","@graph":[{"@type":"WebPage","@id":"https:\/\/interfluency.com\/es\/aviso-de-derechos\/","url":"https:\/\/interfluency.com\/es\/aviso-de-derechos\/","name":"Aviso de Derechos - Interfluency","isPartOf":{"@id":"https:\/\/interfluency.com\/es\/#website"},"datePublished":"2021-02-21T07:54:19+00:00","dateModified":"2021-02-25T13:38:45+00:00","inLanguage":"es","potentialAction":[{"@type":"ReadAction","target":["https:\/\/interfluency.com\/es\/aviso-de-derechos\/"]}]},{"@type":"WebSite","@id":"https:\/\/interfluency.com\/es\/#website","url":"https:\/\/interfluency.com\/es\/","name":"Interfluency","description":"","publisher":{"@id":"https:\/\/interfluency.com\/es\/#organization"},"potentialAction":[{"@type":"SearchAction","target":{"@type":"EntryPoint","urlTemplate":"https:\/\/interfluency.com\/es\/?s={search_term_string}"},"query-input":{"@type":"PropertyValueSpecification","valueRequired":true,"valueName":"search_term_string"}}],"inLanguage":"es"},{"@type":"Organization","@id":"https:\/\/interfluency.com\/es\/#organization","name":"Interfluency\u2122 Translation+Culture","url":"https:\/\/interfluency.com\/es\/","logo":{"@type":"ImageObject","inLanguage":"es","@id":"https:\/\/interfluency.com\/es\/#\/schema\/logo\/image\/","url":"https:\/\/interfluency.com\/wp-content\/uploads\/2021\/02\/Logo-Symbol.png","contentUrl":"https:\/\/interfluency.com\/wp-content\/uploads\/2021\/02\/Logo-Symbol.png","width":512,"height":512,"caption":"Interfluency\u2122 Translation+Culture"},"image":{"@id":"https:\/\/interfluency.com\/es\/#\/schema\/logo\/image\/"}}]}},"_links":{"self":[{"href":"https:\/\/interfluency.com\/es\/wp-json\/wp\/v2\/pages\/495","targetHints":{"allow":["GET"]}}],"collection":[{"href":"https:\/\/interfluency.com\/es\/wp-json\/wp\/v2\/pages"}],"about":[{"href":"https:\/\/interfluency.com\/es\/wp-json\/wp\/v2\/types\/page"}],"author":[{"embeddable":true,"href":"https:\/\/interfluency.com\/es\/wp-json\/wp\/v2\/users\/4"}],"replies":[{"embeddable":true,"href":"https:\/\/interfluency.com\/es\/wp-json\/wp\/v2\/comments?post=495"}],"version-history":[{"count":2,"href":"https:\/\/interfluency.com\/es\/wp-json\/wp\/v2\/pages\/495\/revisions"}],"predecessor-version":[{"id":1014,"href":"https:\/\/interfluency.com\/es\/wp-json\/wp\/v2\/pages\/495\/revisions\/1014"}],"wp:attachment":[{"href":"https:\/\/interfluency.com\/es\/wp-json\/wp\/v2\/media?parent=495"}],"curies":[{"name":"wp","href":"https:\/\/api.w.org\/{rel}","templated":true}]}}