{"id":456,"date":"2021-02-21T01:44:44","date_gmt":"2021-02-21T07:44:44","guid":{"rendered":"https:\/\/interfluency.com\/?page_id=456"},"modified":"2021-02-21T01:44:44","modified_gmt":"2021-02-21T07:44:44","slug":"consultoria","status":"publish","type":"page","link":"https:\/\/interfluency.com\/es\/servicios\/consultoria\/","title":{"rendered":"Consultor\u00eda"},"content":{"rendered":"<p>Ofrecemos una amplia gama de servicios de consultor\u00eda profesionales, adaptados a las necesidades espec\u00edficas del cliente. Podemos ayudar a compa\u00f1\u00edas, agencias, organizaciones e individuos con servicios tales como:<\/p>\n<ul>\n<li>Estrategia y campa\u00f1as de mercadeo\/marketing<\/li>\n<li>Evaluaci\u00f3n de preparaci\u00f3n para servir mercado hispanohablante o angloparlante<\/li>\n<li>Entrenamiento en lengua espa\u00f1ola para angloparlantes<\/li>\n<li>Entrenamiento en lengua inglesa para hispanohablantes<\/li>\n<li>Entrenamiento de concientizaci\u00f3n cultural<\/li>\n<li>Evaluaci\u00f3n de habilidad ling\u00fc\u00edstica biling\u00fce de empleados\/solicitantes de trabajo.<\/li>\n<li>Evaluaci\u00f3n\/mejora de carteles, folletos u otro material biling\u00fce.<\/li>\n<li>Evaluaci\u00f3n de sitios de Web biling\u00fces.<\/li>\n<li>Otros servicios de consultor\u00eda<\/li>\n<\/ul>\n","protected":false},"excerpt":{"rendered":"<p>Ofrecemos una amplia gama de servicios de consultor\u00eda profesionales, adaptados a las necesidades espec\u00edficas del cliente. Podemos ayudar a compa\u00f1\u00edas, agencias, organizaciones e individuos con servicios tales como: Estrategia y campa\u00f1as de mercadeo\/marketing Evaluaci\u00f3n de preparaci\u00f3n para servir mercado hispanohablante o angloparlante Entrenamiento en lengua espa\u00f1ola para angloparlantes Entrenamiento en lengua inglesa para hispanohablantes Entrenamiento [&hellip;]<\/p>\n","protected":false},"author":4,"featured_media":0,"parent":441,"menu_order":4,"comment_status":"closed","ping_status":"closed","template":"","meta":{"_genesis_hide_title":false,"_genesis_hide_breadcrumbs":false,"_genesis_hide_singular_image":false,"_genesis_hide_footer_widgets":false,"_genesis_custom_body_class":"","_genesis_custom_post_class":"","_genesis_layout":"","footnotes":""},"class_list":{"0":"post-456","1":"page","2":"type-page","3":"status-publish","5":"entry"},"yoast_head":"<!-- This site is optimized with the Yoast SEO plugin v27.4 - https:\/\/yoast.com\/product\/yoast-seo-wordpress\/ -->\n<title>Consultor\u00eda - Interfluency<\/title>\n<meta name=\"robots\" content=\"index, follow, max-snippet:-1, max-image-preview:large, max-video-preview:-1\" \/>\n<link rel=\"canonical\" href=\"https:\/\/interfluency.com\/es\/servicios\/consultoria\/\" \/>\n<meta property=\"og:locale\" content=\"es_ES\" \/>\n<meta property=\"og:type\" content=\"article\" \/>\n<meta property=\"og:title\" content=\"Consultor\u00eda - Interfluency\" \/>\n<meta property=\"og:description\" content=\"Ofrecemos una amplia gama de servicios de consultor\u00eda profesionales, adaptados a las necesidades espec\u00edficas del cliente. Podemos ayudar a compa\u00f1\u00edas, agencias, organizaciones e individuos con servicios tales como: Estrategia y campa\u00f1as de mercadeo\/marketing Evaluaci\u00f3n de preparaci\u00f3n para servir mercado hispanohablante o angloparlante Entrenamiento en lengua espa\u00f1ola para angloparlantes Entrenamiento en lengua inglesa para hispanohablantes Entrenamiento [&hellip;]\" \/>\n<meta property=\"og:url\" content=\"https:\/\/interfluency.com\/es\/servicios\/consultoria\/\" \/>\n<meta property=\"og:site_name\" content=\"Interfluency\" \/>\n<meta name=\"twitter:card\" content=\"summary_large_image\" \/>\n<meta name=\"twitter:label1\" content=\"Tiempo de lectura\" \/>\n\t<meta name=\"twitter:data1\" content=\"1 minuto\" \/>\n<script type=\"application\/ld+json\" class=\"yoast-schema-graph\">{\"@context\":\"https:\\\/\\\/schema.org\",\"@graph\":[{\"@type\":\"WebPage\",\"@id\":\"https:\\\/\\\/interfluency.com\\\/es\\\/servicios\\\/consultoria\\\/\",\"url\":\"https:\\\/\\\/interfluency.com\\\/es\\\/servicios\\\/consultoria\\\/\",\"name\":\"Consultor\u00eda - Interfluency\",\"isPartOf\":{\"@id\":\"https:\\\/\\\/interfluency.com\\\/es\\\/#website\"},\"datePublished\":\"2021-02-21T07:44:44+00:00\",\"breadcrumb\":{\"@id\":\"https:\\\/\\\/interfluency.com\\\/es\\\/servicios\\\/consultoria\\\/#breadcrumb\"},\"inLanguage\":\"es\",\"potentialAction\":[{\"@type\":\"ReadAction\",\"target\":[\"https:\\\/\\\/interfluency.com\\\/es\\\/servicios\\\/consultoria\\\/\"]}]},{\"@type\":\"BreadcrumbList\",\"@id\":\"https:\\\/\\\/interfluency.com\\\/es\\\/servicios\\\/consultoria\\\/#breadcrumb\",\"itemListElement\":[{\"@type\":\"ListItem\",\"position\":1,\"name\":\"Servicios\",\"item\":\"https:\\\/\\\/interfluency.com\\\/es\\\/servicios\\\/\"},{\"@type\":\"ListItem\",\"position\":2,\"name\":\"Consultor\u00eda\"}]},{\"@type\":\"WebSite\",\"@id\":\"https:\\\/\\\/interfluency.com\\\/es\\\/#website\",\"url\":\"https:\\\/\\\/interfluency.com\\\/es\\\/\",\"name\":\"Interfluency\",\"description\":\"\",\"publisher\":{\"@id\":\"https:\\\/\\\/interfluency.com\\\/es\\\/#organization\"},\"potentialAction\":[{\"@type\":\"SearchAction\",\"target\":{\"@type\":\"EntryPoint\",\"urlTemplate\":\"https:\\\/\\\/interfluency.com\\\/es\\\/?s={search_term_string}\"},\"query-input\":{\"@type\":\"PropertyValueSpecification\",\"valueRequired\":true,\"valueName\":\"search_term_string\"}}],\"inLanguage\":\"es\"},{\"@type\":\"Organization\",\"@id\":\"https:\\\/\\\/interfluency.com\\\/es\\\/#organization\",\"name\":\"Interfluency\u2122 Translation+Culture\",\"url\":\"https:\\\/\\\/interfluency.com\\\/es\\\/\",\"logo\":{\"@type\":\"ImageObject\",\"inLanguage\":\"es\",\"@id\":\"https:\\\/\\\/interfluency.com\\\/es\\\/#\\\/schema\\\/logo\\\/image\\\/\",\"url\":\"https:\\\/\\\/interfluency.com\\\/wp-content\\\/uploads\\\/2021\\\/02\\\/Logo-Symbol.png\",\"contentUrl\":\"https:\\\/\\\/interfluency.com\\\/wp-content\\\/uploads\\\/2021\\\/02\\\/Logo-Symbol.png\",\"width\":512,\"height\":512,\"caption\":\"Interfluency\u2122 Translation+Culture\"},\"image\":{\"@id\":\"https:\\\/\\\/interfluency.com\\\/es\\\/#\\\/schema\\\/logo\\\/image\\\/\"}}]}<\/script>\n<!-- \/ Yoast SEO plugin. -->","yoast_head_json":{"title":"Consultor\u00eda - Interfluency","robots":{"index":"index","follow":"follow","max-snippet":"max-snippet:-1","max-image-preview":"max-image-preview:large","max-video-preview":"max-video-preview:-1"},"canonical":"https:\/\/interfluency.com\/es\/servicios\/consultoria\/","og_locale":"es_ES","og_type":"article","og_title":"Consultor\u00eda - Interfluency","og_description":"Ofrecemos una amplia gama de servicios de consultor\u00eda profesionales, adaptados a las necesidades espec\u00edficas del cliente. Podemos ayudar a compa\u00f1\u00edas, agencias, organizaciones e individuos con servicios tales como: Estrategia y campa\u00f1as de mercadeo\/marketing Evaluaci\u00f3n de preparaci\u00f3n para servir mercado hispanohablante o angloparlante Entrenamiento en lengua espa\u00f1ola para angloparlantes Entrenamiento en lengua inglesa para hispanohablantes Entrenamiento [&hellip;]","og_url":"https:\/\/interfluency.com\/es\/servicios\/consultoria\/","og_site_name":"Interfluency","twitter_card":"summary_large_image","twitter_misc":{"Tiempo de lectura":"1 minuto"},"schema":{"@context":"https:\/\/schema.org","@graph":[{"@type":"WebPage","@id":"https:\/\/interfluency.com\/es\/servicios\/consultoria\/","url":"https:\/\/interfluency.com\/es\/servicios\/consultoria\/","name":"Consultor\u00eda - Interfluency","isPartOf":{"@id":"https:\/\/interfluency.com\/es\/#website"},"datePublished":"2021-02-21T07:44:44+00:00","breadcrumb":{"@id":"https:\/\/interfluency.com\/es\/servicios\/consultoria\/#breadcrumb"},"inLanguage":"es","potentialAction":[{"@type":"ReadAction","target":["https:\/\/interfluency.com\/es\/servicios\/consultoria\/"]}]},{"@type":"BreadcrumbList","@id":"https:\/\/interfluency.com\/es\/servicios\/consultoria\/#breadcrumb","itemListElement":[{"@type":"ListItem","position":1,"name":"Servicios","item":"https:\/\/interfluency.com\/es\/servicios\/"},{"@type":"ListItem","position":2,"name":"Consultor\u00eda"}]},{"@type":"WebSite","@id":"https:\/\/interfluency.com\/es\/#website","url":"https:\/\/interfluency.com\/es\/","name":"Interfluency","description":"","publisher":{"@id":"https:\/\/interfluency.com\/es\/#organization"},"potentialAction":[{"@type":"SearchAction","target":{"@type":"EntryPoint","urlTemplate":"https:\/\/interfluency.com\/es\/?s={search_term_string}"},"query-input":{"@type":"PropertyValueSpecification","valueRequired":true,"valueName":"search_term_string"}}],"inLanguage":"es"},{"@type":"Organization","@id":"https:\/\/interfluency.com\/es\/#organization","name":"Interfluency\u2122 Translation+Culture","url":"https:\/\/interfluency.com\/es\/","logo":{"@type":"ImageObject","inLanguage":"es","@id":"https:\/\/interfluency.com\/es\/#\/schema\/logo\/image\/","url":"https:\/\/interfluency.com\/wp-content\/uploads\/2021\/02\/Logo-Symbol.png","contentUrl":"https:\/\/interfluency.com\/wp-content\/uploads\/2021\/02\/Logo-Symbol.png","width":512,"height":512,"caption":"Interfluency\u2122 Translation+Culture"},"image":{"@id":"https:\/\/interfluency.com\/es\/#\/schema\/logo\/image\/"}}]}},"_links":{"self":[{"href":"https:\/\/interfluency.com\/es\/wp-json\/wp\/v2\/pages\/456","targetHints":{"allow":["GET"]}}],"collection":[{"href":"https:\/\/interfluency.com\/es\/wp-json\/wp\/v2\/pages"}],"about":[{"href":"https:\/\/interfluency.com\/es\/wp-json\/wp\/v2\/types\/page"}],"author":[{"embeddable":true,"href":"https:\/\/interfluency.com\/es\/wp-json\/wp\/v2\/users\/4"}],"replies":[{"embeddable":true,"href":"https:\/\/interfluency.com\/es\/wp-json\/wp\/v2\/comments?post=456"}],"version-history":[{"count":1,"href":"https:\/\/interfluency.com\/es\/wp-json\/wp\/v2\/pages\/456\/revisions"}],"predecessor-version":[{"id":462,"href":"https:\/\/interfluency.com\/es\/wp-json\/wp\/v2\/pages\/456\/revisions\/462"}],"up":[{"embeddable":true,"href":"https:\/\/interfluency.com\/es\/wp-json\/wp\/v2\/pages\/441"}],"wp:attachment":[{"href":"https:\/\/interfluency.com\/es\/wp-json\/wp\/v2\/media?parent=456"}],"curies":[{"name":"wp","href":"https:\/\/api.w.org\/{rel}","templated":true}]}}