{"id":455,"date":"2021-02-21T01:44:17","date_gmt":"2021-02-21T07:44:17","guid":{"rendered":"https:\/\/interfluency.com\/?page_id=455"},"modified":"2021-02-22T03:19:54","modified_gmt":"2021-02-22T09:19:54","slug":"cultural","status":"publish","type":"page","link":"https:\/\/interfluency.com\/es\/servicios\/cultural\/","title":{"rendered":"Cultural"},"content":{"rendered":"<p>Ofrecemos programas de entrenamiento y educaci\u00f3n cultural ricos en informaci\u00f3n, interacci\u00f3n y sobre todo inspiraci\u00f3n. La amplia gama de formatos que utilizamos incluye presentaciones unitarias, cursillos, seminarios, conciertos\/seminarios interactivos, conferencias\/jornadas y otros formatos. Nuestras dos \u00e1reas principales de programaci\u00f3n cultural son: Cultura hispano\/latina y de Estados Unidos y Diversidad\/Concientizaci\u00f3n Multicultural.<\/p>\n<h2>Cultura hispano\/latinoamericana<\/h2>\n<p>A continuaci\u00f3n, algunos de los talleres, presentaciones y otros programos que ofrecemos para fomenter la comprensi\u00f3n de la cultura hispano\/latinoamericana y de las culturas en general. Brindaremos informaci\u00f3n sobre otros programas en futuro breve. Tambi\u00e9n ofrecemos programas dise\u00f1ados a medida para satisfacer necesidades especificas de nuestros clientes.<\/p>\n<h3>La corriente latina: un siglo de influencia latinoamericana en la m\u00fasica popular latinoamericana<\/h3>\n<p><img loading=\"lazy\" decoding=\"async\" class=\"size-full wp-image-939 alignleft\" src=\"https:\/\/interfluency.com\/wp-content\/uploads\/2021\/02\/153398524_1551839638342461_2495260492371278919_n.jpg\" alt=\"\" width=\"150\" height=\"150\" srcset=\"https:\/\/interfluency.com\/wp-content\/uploads\/2021\/02\/153398524_1551839638342461_2495260492371278919_n.jpg 150w, https:\/\/interfluency.com\/wp-content\/uploads\/2021\/02\/153398524_1551839638342461_2495260492371278919_n-100x100.jpg 100w\" sizes=\"auto, (max-width: 150px) 100vw, 150px\" \/>La presencia hispano\/latina parece nueva, pero desde hace m\u00e1s de 150 a\u00f1os la inmigraci\u00f3n y otros cambios han tra\u00eddo influencias culturales rec\u00edprocas y profundas. Esta inolvidable presentaci\u00f3n, realizada con el piano, explora de modo interactive el impacto latino en los g\u00e9neros de ragtime, jazz, blues, rock and roll, rhythm and blues, country y otros tipos de m\u00fasica norteamericana relacionados a la Diaspora Africana.<\/p>\n<h3>7 cosas que usted debe saber sobre la cultura latina: claves para la comprensi\u00f3n<\/h3>\n<p><img loading=\"lazy\" decoding=\"async\" class=\"size-full wp-image-935 alignleft\" src=\"https:\/\/interfluency.com\/wp-content\/uploads\/2021\/02\/153183780_1551839558342469_3876842145927997938_n.jpg\" alt=\"\" width=\"150\" height=\"150\" srcset=\"https:\/\/interfluency.com\/wp-content\/uploads\/2021\/02\/153183780_1551839558342469_3876842145927997938_n.jpg 150w, https:\/\/interfluency.com\/wp-content\/uploads\/2021\/02\/153183780_1551839558342469_3876842145927997938_n-100x100.jpg 100w\" sizes=\"auto, (max-width: 150px) 100vw, 150px\" \/>\u00bfQu\u00e9 es lo m\u00e1s importante para saber de la cultura hispano\/latina, ya sea como alumno, maestro\/professor, profesional de la salud, persona de negocios o simplemente como individuo que quiere aprender m\u00e1s acerca de la cultura de casi 1 de cada 6 personas en los Estados Unidos de hoy? Esta conferencia brinda insights e inspiraci\u00f3n sobre familia, respeto, tiempo y otros conceptos claves de la cultura&#8230; y hasta explica el rompecabezas de los t\u00e9rminos &#8216;hispano&#8217; y &#8216;latino&#8217;.<\/p>\n<h3>La cultura hispano\/latinoamericana como civilizaci\u00f3n global<\/h3>\n<p><img loading=\"lazy\" decoding=\"async\" class=\"size-full wp-image-937 alignleft\" src=\"https:\/\/interfluency.com\/wp-content\/uploads\/2021\/02\/151951344_1551839641675794_2094843375032594482_n.jpg\" alt=\"\" width=\"150\" height=\"150\" srcset=\"https:\/\/interfluency.com\/wp-content\/uploads\/2021\/02\/151951344_1551839641675794_2094843375032594482_n.jpg 150w, https:\/\/interfluency.com\/wp-content\/uploads\/2021\/02\/151951344_1551839641675794_2094843375032594482_n-100x100.jpg 100w\" sizes=\"auto, (max-width: 150px) 100vw, 150px\" \/>Los hispano\/latinos en Estados Unidos no son s\u00f3lo inmigrantes de M\u00e9xico, El Salvador y otros pa\u00edses; y el espa\u00f1ol no es s\u00f3lo un idioma m\u00e1s para estudiar. Esta entretenida presentaci\u00f3n explora muchas maneras en que la cultura hispano\/latina constituye una civilizaci\u00f3n verdaderamente global y multicultural, la que ha ejercido y sigue ejerciendo una influencia importante a nivel mundial.<\/p>\n<h3>Diversity\/Multicultural Awareness<\/h3>\n<p>Our programs on diversity and multicultural awareness aim to deepen openness, familiarity, comfort, and understanding towards the multiplicity of cultures that make up our society. The following are just some of our offerings:<\/p>\n<h3>Canciones de a\u00f1oranza, canciones de pertenencia<\/h3>\n<p>La m\u00fasica y la experiencia inmigrante en la cultura de Estados Unidos. Desde africanos, ingleses, espa\u00f1oles y otros en la \u00e9poca temprana, a suecos, italianos, franceses, jud\u00edos. mexicanos y otros latinos, adem\u00e1s de otros grupos, la cultura norteamericana ha sido cambiada, profundizada y enriquecida por los aportes de gente de tierras lejanas. Los nativos Americanos tambi\u00e9n han realizado sus migraciones a lo largo de Am\u00e9rica del Norte. La m\u00fasica brinda una ventana para contemplar este aspecto multicultural de la cultura norteamericana.<\/p>\n<h3>Los idiomas, una clave de la diversidad<\/h3>\n<p>El lenguaje es algo que todos usamos, todos los d\u00edas, ya sea en casa, en la escuela, en el trabajo y en la sociedad m\u00e1s amplia. Nuestro idioma nos ofrece infinidad de pistas sobre los or\u00edgenes culturales de quienes integran nuestra sociedad&#8230; y a las influencias rec\u00edprocas que diferentes culturas siguen ejerciendo unas en otras.<\/p>\n","protected":false},"excerpt":{"rendered":"<p>Ofrecemos programas de entrenamiento y educaci\u00f3n cultural ricos en informaci\u00f3n, interacci\u00f3n y sobre todo inspiraci\u00f3n. La amplia gama de formatos que utilizamos incluye presentaciones unitarias, cursillos, seminarios, conciertos\/seminarios interactivos, conferencias\/jornadas y otros formatos. Nuestras dos \u00e1reas principales de programaci\u00f3n cultural son: Cultura hispano\/latina y de Estados Unidos y Diversidad\/Concientizaci\u00f3n Multicultural. Cultura hispano\/latinoamericana A continuaci\u00f3n, algunos [&hellip;]<\/p>\n","protected":false},"author":4,"featured_media":0,"parent":441,"menu_order":2,"comment_status":"closed","ping_status":"closed","template":"","meta":{"_genesis_hide_title":false,"_genesis_hide_breadcrumbs":false,"_genesis_hide_singular_image":false,"_genesis_hide_footer_widgets":false,"_genesis_custom_body_class":"","_genesis_custom_post_class":"","_genesis_layout":"","footnotes":""},"class_list":{"0":"post-455","1":"page","2":"type-page","3":"status-publish","5":"entry"},"yoast_head":"<!-- This site is optimized with the Yoast SEO plugin v27.5 - https:\/\/yoast.com\/product\/yoast-seo-wordpress\/ -->\n<title>Cultural - Interfluency<\/title>\n<meta name=\"robots\" content=\"index, follow, max-snippet:-1, max-image-preview:large, max-video-preview:-1\" \/>\n<link rel=\"canonical\" href=\"https:\/\/interfluency.com\/es\/servicios\/cultural\/\" \/>\n<meta property=\"og:locale\" content=\"es_ES\" \/>\n<meta property=\"og:type\" content=\"article\" \/>\n<meta property=\"og:title\" content=\"Cultural - Interfluency\" \/>\n<meta property=\"og:description\" content=\"Ofrecemos programas de entrenamiento y educaci\u00f3n cultural ricos en informaci\u00f3n, interacci\u00f3n y sobre todo inspiraci\u00f3n. La amplia gama de formatos que utilizamos incluye presentaciones unitarias, cursillos, seminarios, conciertos\/seminarios interactivos, conferencias\/jornadas y otros formatos. Nuestras dos \u00e1reas principales de programaci\u00f3n cultural son: Cultura hispano\/latina y de Estados Unidos y Diversidad\/Concientizaci\u00f3n Multicultural. Cultura hispano\/latinoamericana A continuaci\u00f3n, algunos [&hellip;]\" \/>\n<meta property=\"og:url\" content=\"https:\/\/interfluency.com\/es\/servicios\/cultural\/\" \/>\n<meta property=\"og:site_name\" content=\"Interfluency\" \/>\n<meta property=\"article:modified_time\" content=\"2021-02-22T09:19:54+00:00\" \/>\n<meta property=\"og:image\" content=\"https:\/\/interfluency.com\/wp-content\/uploads\/2021\/02\/153398524_1551839638342461_2495260492371278919_n.jpg\" \/>\n<meta name=\"twitter:card\" content=\"summary_large_image\" \/>\n<meta name=\"twitter:label1\" content=\"Tiempo de lectura\" \/>\n\t<meta name=\"twitter:data1\" content=\"3 minutos\" \/>\n<script type=\"application\/ld+json\" class=\"yoast-schema-graph\">{\"@context\":\"https:\\\/\\\/schema.org\",\"@graph\":[{\"@type\":\"WebPage\",\"@id\":\"https:\\\/\\\/interfluency.com\\\/es\\\/servicios\\\/cultural\\\/\",\"url\":\"https:\\\/\\\/interfluency.com\\\/es\\\/servicios\\\/cultural\\\/\",\"name\":\"Cultural - Interfluency\",\"isPartOf\":{\"@id\":\"https:\\\/\\\/interfluency.com\\\/es\\\/#website\"},\"primaryImageOfPage\":{\"@id\":\"https:\\\/\\\/interfluency.com\\\/es\\\/servicios\\\/cultural\\\/#primaryimage\"},\"image\":{\"@id\":\"https:\\\/\\\/interfluency.com\\\/es\\\/servicios\\\/cultural\\\/#primaryimage\"},\"thumbnailUrl\":\"https:\\\/\\\/interfluency.com\\\/wp-content\\\/uploads\\\/2021\\\/02\\\/153398524_1551839638342461_2495260492371278919_n.jpg\",\"datePublished\":\"2021-02-21T07:44:17+00:00\",\"dateModified\":\"2021-02-22T09:19:54+00:00\",\"breadcrumb\":{\"@id\":\"https:\\\/\\\/interfluency.com\\\/es\\\/servicios\\\/cultural\\\/#breadcrumb\"},\"inLanguage\":\"es\",\"potentialAction\":[{\"@type\":\"ReadAction\",\"target\":[\"https:\\\/\\\/interfluency.com\\\/es\\\/servicios\\\/cultural\\\/\"]}]},{\"@type\":\"ImageObject\",\"inLanguage\":\"es\",\"@id\":\"https:\\\/\\\/interfluency.com\\\/es\\\/servicios\\\/cultural\\\/#primaryimage\",\"url\":\"https:\\\/\\\/interfluency.com\\\/wp-content\\\/uploads\\\/2021\\\/02\\\/153398524_1551839638342461_2495260492371278919_n.jpg\",\"contentUrl\":\"https:\\\/\\\/interfluency.com\\\/wp-content\\\/uploads\\\/2021\\\/02\\\/153398524_1551839638342461_2495260492371278919_n.jpg\"},{\"@type\":\"BreadcrumbList\",\"@id\":\"https:\\\/\\\/interfluency.com\\\/es\\\/servicios\\\/cultural\\\/#breadcrumb\",\"itemListElement\":[{\"@type\":\"ListItem\",\"position\":1,\"name\":\"Servicios\",\"item\":\"https:\\\/\\\/interfluency.com\\\/es\\\/servicios\\\/\"},{\"@type\":\"ListItem\",\"position\":2,\"name\":\"Cultural\"}]},{\"@type\":\"WebSite\",\"@id\":\"https:\\\/\\\/interfluency.com\\\/es\\\/#website\",\"url\":\"https:\\\/\\\/interfluency.com\\\/es\\\/\",\"name\":\"Interfluency\",\"description\":\"\",\"publisher\":{\"@id\":\"https:\\\/\\\/interfluency.com\\\/es\\\/#organization\"},\"potentialAction\":[{\"@type\":\"SearchAction\",\"target\":{\"@type\":\"EntryPoint\",\"urlTemplate\":\"https:\\\/\\\/interfluency.com\\\/es\\\/?s={search_term_string}\"},\"query-input\":{\"@type\":\"PropertyValueSpecification\",\"valueRequired\":true,\"valueName\":\"search_term_string\"}}],\"inLanguage\":\"es\"},{\"@type\":\"Organization\",\"@id\":\"https:\\\/\\\/interfluency.com\\\/es\\\/#organization\",\"name\":\"Interfluency\u2122 Translation+Culture\",\"url\":\"https:\\\/\\\/interfluency.com\\\/es\\\/\",\"logo\":{\"@type\":\"ImageObject\",\"inLanguage\":\"es\",\"@id\":\"https:\\\/\\\/interfluency.com\\\/es\\\/#\\\/schema\\\/logo\\\/image\\\/\",\"url\":\"https:\\\/\\\/interfluency.com\\\/wp-content\\\/uploads\\\/2021\\\/02\\\/Logo-Symbol.png\",\"contentUrl\":\"https:\\\/\\\/interfluency.com\\\/wp-content\\\/uploads\\\/2021\\\/02\\\/Logo-Symbol.png\",\"width\":512,\"height\":512,\"caption\":\"Interfluency\u2122 Translation+Culture\"},\"image\":{\"@id\":\"https:\\\/\\\/interfluency.com\\\/es\\\/#\\\/schema\\\/logo\\\/image\\\/\"}}]}<\/script>\n<!-- \/ Yoast SEO plugin. -->","yoast_head_json":{"title":"Cultural - Interfluency","robots":{"index":"index","follow":"follow","max-snippet":"max-snippet:-1","max-image-preview":"max-image-preview:large","max-video-preview":"max-video-preview:-1"},"canonical":"https:\/\/interfluency.com\/es\/servicios\/cultural\/","og_locale":"es_ES","og_type":"article","og_title":"Cultural - Interfluency","og_description":"Ofrecemos programas de entrenamiento y educaci\u00f3n cultural ricos en informaci\u00f3n, interacci\u00f3n y sobre todo inspiraci\u00f3n. La amplia gama de formatos que utilizamos incluye presentaciones unitarias, cursillos, seminarios, conciertos\/seminarios interactivos, conferencias\/jornadas y otros formatos. Nuestras dos \u00e1reas principales de programaci\u00f3n cultural son: Cultura hispano\/latina y de Estados Unidos y Diversidad\/Concientizaci\u00f3n Multicultural. Cultura hispano\/latinoamericana A continuaci\u00f3n, algunos [&hellip;]","og_url":"https:\/\/interfluency.com\/es\/servicios\/cultural\/","og_site_name":"Interfluency","article_modified_time":"2021-02-22T09:19:54+00:00","og_image":[{"url":"https:\/\/interfluency.com\/wp-content\/uploads\/2021\/02\/153398524_1551839638342461_2495260492371278919_n.jpg","type":"","width":"","height":""}],"twitter_card":"summary_large_image","twitter_misc":{"Tiempo de lectura":"3 minutos"},"schema":{"@context":"https:\/\/schema.org","@graph":[{"@type":"WebPage","@id":"https:\/\/interfluency.com\/es\/servicios\/cultural\/","url":"https:\/\/interfluency.com\/es\/servicios\/cultural\/","name":"Cultural - Interfluency","isPartOf":{"@id":"https:\/\/interfluency.com\/es\/#website"},"primaryImageOfPage":{"@id":"https:\/\/interfluency.com\/es\/servicios\/cultural\/#primaryimage"},"image":{"@id":"https:\/\/interfluency.com\/es\/servicios\/cultural\/#primaryimage"},"thumbnailUrl":"https:\/\/interfluency.com\/wp-content\/uploads\/2021\/02\/153398524_1551839638342461_2495260492371278919_n.jpg","datePublished":"2021-02-21T07:44:17+00:00","dateModified":"2021-02-22T09:19:54+00:00","breadcrumb":{"@id":"https:\/\/interfluency.com\/es\/servicios\/cultural\/#breadcrumb"},"inLanguage":"es","potentialAction":[{"@type":"ReadAction","target":["https:\/\/interfluency.com\/es\/servicios\/cultural\/"]}]},{"@type":"ImageObject","inLanguage":"es","@id":"https:\/\/interfluency.com\/es\/servicios\/cultural\/#primaryimage","url":"https:\/\/interfluency.com\/wp-content\/uploads\/2021\/02\/153398524_1551839638342461_2495260492371278919_n.jpg","contentUrl":"https:\/\/interfluency.com\/wp-content\/uploads\/2021\/02\/153398524_1551839638342461_2495260492371278919_n.jpg"},{"@type":"BreadcrumbList","@id":"https:\/\/interfluency.com\/es\/servicios\/cultural\/#breadcrumb","itemListElement":[{"@type":"ListItem","position":1,"name":"Servicios","item":"https:\/\/interfluency.com\/es\/servicios\/"},{"@type":"ListItem","position":2,"name":"Cultural"}]},{"@type":"WebSite","@id":"https:\/\/interfluency.com\/es\/#website","url":"https:\/\/interfluency.com\/es\/","name":"Interfluency","description":"","publisher":{"@id":"https:\/\/interfluency.com\/es\/#organization"},"potentialAction":[{"@type":"SearchAction","target":{"@type":"EntryPoint","urlTemplate":"https:\/\/interfluency.com\/es\/?s={search_term_string}"},"query-input":{"@type":"PropertyValueSpecification","valueRequired":true,"valueName":"search_term_string"}}],"inLanguage":"es"},{"@type":"Organization","@id":"https:\/\/interfluency.com\/es\/#organization","name":"Interfluency\u2122 Translation+Culture","url":"https:\/\/interfluency.com\/es\/","logo":{"@type":"ImageObject","inLanguage":"es","@id":"https:\/\/interfluency.com\/es\/#\/schema\/logo\/image\/","url":"https:\/\/interfluency.com\/wp-content\/uploads\/2021\/02\/Logo-Symbol.png","contentUrl":"https:\/\/interfluency.com\/wp-content\/uploads\/2021\/02\/Logo-Symbol.png","width":512,"height":512,"caption":"Interfluency\u2122 Translation+Culture"},"image":{"@id":"https:\/\/interfluency.com\/es\/#\/schema\/logo\/image\/"}}]}},"_links":{"self":[{"href":"https:\/\/interfluency.com\/es\/wp-json\/wp\/v2\/pages\/455","targetHints":{"allow":["GET"]}}],"collection":[{"href":"https:\/\/interfluency.com\/es\/wp-json\/wp\/v2\/pages"}],"about":[{"href":"https:\/\/interfluency.com\/es\/wp-json\/wp\/v2\/types\/page"}],"author":[{"embeddable":true,"href":"https:\/\/interfluency.com\/es\/wp-json\/wp\/v2\/users\/4"}],"replies":[{"embeddable":true,"href":"https:\/\/interfluency.com\/es\/wp-json\/wp\/v2\/comments?post=455"}],"version-history":[{"count":3,"href":"https:\/\/interfluency.com\/es\/wp-json\/wp\/v2\/pages\/455\/revisions"}],"predecessor-version":[{"id":951,"href":"https:\/\/interfluency.com\/es\/wp-json\/wp\/v2\/pages\/455\/revisions\/951"}],"up":[{"embeddable":true,"href":"https:\/\/interfluency.com\/es\/wp-json\/wp\/v2\/pages\/441"}],"wp:attachment":[{"href":"https:\/\/interfluency.com\/es\/wp-json\/wp\/v2\/media?parent=455"}],"curies":[{"name":"wp","href":"https:\/\/api.w.org\/{rel}","templated":true}]}}