{"id":443,"date":"2021-02-21T01:41:44","date_gmt":"2021-02-21T07:41:44","guid":{"rendered":"https:\/\/interfluency.com\/?page_id=443"},"modified":"2021-02-28T22:08:55","modified_gmt":"2021-03-01T04:08:55","slug":"traduccion","status":"publish","type":"page","link":"https:\/\/interfluency.com\/es\/servicios\/linguistico\/traduccion\/","title":{"rendered":"Traducci\u00f3n"},"content":{"rendered":"<p>Proveemos traducciones profesionales ingl\u00e9s-espa\u00f1ol y espa\u00f1ol-ingl\u00e9s al mas alto nivel de calidad. Nuestras traducciones se ajustan a la industria, profesi\u00f3n o campo del texto, como asimismo al mercado o audiencia de destino. Entre nuestros campos de especializaci\u00f3n: legal, negocios\/finanzas, marketing\/relaciones p\u00fablicas, m\u00e9dico\/salud, humanidades\/educaci\u00f3n.<\/p>\n<p>En cada traducci\u00f3n, Interfluency\u2122 Translation+Culture aplica fielmente los siguientes principios:<\/p>\n<ul>\n<li>Traductor profesional experimentado e id\u00f3neo.<\/li>\n<li>El est\u00e1ndar gremial de &#8216;cuatro ojos expertos&#8217;: cada traducci\u00f3n revisada por otro traductor igualmente experto.<\/li>\n<li>Claridad con respecto a los objetivos y necesidades del cliente, la naturaleza del texto y la finalidad de la traducci\u00f3n.<\/li>\n<li>Lineas de comunicaci\u00f3n abiertas entre Interfluency y el cliente, para asegurar que la traducci\u00f3n cumpla las necesidades de \u00e9ste.<\/li>\n<li>Respeto absoluto a los plazos de entrega acordados.<\/li>\n<li>Garant\u00eda de satisfacci\u00f3n del cliente.<\/li>\n<\/ul>\n","protected":false},"excerpt":{"rendered":"<p>Proveemos traducciones profesionales ingl\u00e9s-espa\u00f1ol y espa\u00f1ol-ingl\u00e9s al mas alto nivel de calidad. Nuestras traducciones se ajustan a la industria, profesi\u00f3n o campo del texto, como asimismo al mercado o audiencia de destino. Entre nuestros campos de especializaci\u00f3n: legal, negocios\/finanzas, marketing\/relaciones p\u00fablicas, m\u00e9dico\/salud, humanidades\/educaci\u00f3n. En cada traducci\u00f3n, Interfluency\u2122 Translation+Culture aplica fielmente los siguientes principios: Traductor profesional [&hellip;]<\/p>\n","protected":false},"author":4,"featured_media":0,"parent":442,"menu_order":0,"comment_status":"closed","ping_status":"closed","template":"","meta":{"_genesis_hide_title":false,"_genesis_hide_breadcrumbs":false,"_genesis_hide_singular_image":false,"_genesis_hide_footer_widgets":false,"_genesis_custom_body_class":"","_genesis_custom_post_class":"","_genesis_layout":"","footnotes":""},"class_list":{"0":"post-443","1":"page","2":"type-page","3":"status-publish","5":"entry"},"yoast_head":"<!-- This site is optimized with the Yoast SEO plugin v27.5 - https:\/\/yoast.com\/product\/yoast-seo-wordpress\/ -->\n<title>Traducci\u00f3n - Interfluency<\/title>\n<meta name=\"robots\" content=\"index, follow, max-snippet:-1, max-image-preview:large, max-video-preview:-1\" \/>\n<link rel=\"canonical\" href=\"https:\/\/interfluency.com\/es\/servicios\/linguistico\/traduccion\/\" \/>\n<meta property=\"og:locale\" content=\"es_ES\" \/>\n<meta property=\"og:type\" content=\"article\" \/>\n<meta property=\"og:title\" content=\"Traducci\u00f3n - Interfluency\" \/>\n<meta property=\"og:description\" content=\"Proveemos traducciones profesionales ingl\u00e9s-espa\u00f1ol y espa\u00f1ol-ingl\u00e9s al mas alto nivel de calidad. Nuestras traducciones se ajustan a la industria, profesi\u00f3n o campo del texto, como asimismo al mercado o audiencia de destino. Entre nuestros campos de especializaci\u00f3n: legal, negocios\/finanzas, marketing\/relaciones p\u00fablicas, m\u00e9dico\/salud, humanidades\/educaci\u00f3n. En cada traducci\u00f3n, Interfluency\u2122 Translation+Culture aplica fielmente los siguientes principios: Traductor profesional [&hellip;]\" \/>\n<meta property=\"og:url\" content=\"https:\/\/interfluency.com\/es\/servicios\/linguistico\/traduccion\/\" \/>\n<meta property=\"og:site_name\" content=\"Interfluency\" \/>\n<meta property=\"article:modified_time\" content=\"2021-03-01T04:08:55+00:00\" \/>\n<meta name=\"twitter:card\" content=\"summary_large_image\" \/>\n<meta name=\"twitter:label1\" content=\"Tiempo de lectura\" \/>\n\t<meta name=\"twitter:data1\" content=\"1 minuto\" \/>\n<script type=\"application\/ld+json\" class=\"yoast-schema-graph\">{\"@context\":\"https:\\\/\\\/schema.org\",\"@graph\":[{\"@type\":\"WebPage\",\"@id\":\"https:\\\/\\\/interfluency.com\\\/es\\\/servicios\\\/linguistico\\\/traduccion\\\/\",\"url\":\"https:\\\/\\\/interfluency.com\\\/es\\\/servicios\\\/linguistico\\\/traduccion\\\/\",\"name\":\"Traducci\u00f3n - Interfluency\",\"isPartOf\":{\"@id\":\"https:\\\/\\\/interfluency.com\\\/es\\\/#website\"},\"datePublished\":\"2021-02-21T07:41:44+00:00\",\"dateModified\":\"2021-03-01T04:08:55+00:00\",\"breadcrumb\":{\"@id\":\"https:\\\/\\\/interfluency.com\\\/es\\\/servicios\\\/linguistico\\\/traduccion\\\/#breadcrumb\"},\"inLanguage\":\"es\",\"potentialAction\":[{\"@type\":\"ReadAction\",\"target\":[\"https:\\\/\\\/interfluency.com\\\/es\\\/servicios\\\/linguistico\\\/traduccion\\\/\"]}]},{\"@type\":\"BreadcrumbList\",\"@id\":\"https:\\\/\\\/interfluency.com\\\/es\\\/servicios\\\/linguistico\\\/traduccion\\\/#breadcrumb\",\"itemListElement\":[{\"@type\":\"ListItem\",\"position\":1,\"name\":\"Servicios\",\"item\":\"https:\\\/\\\/interfluency.com\\\/es\\\/servicios\\\/\"},{\"@type\":\"ListItem\",\"position\":2,\"name\":\"Ling\u00fc\u00edstico\",\"item\":\"https:\\\/\\\/interfluency.com\\\/es\\\/servicios\\\/linguistico\\\/\"},{\"@type\":\"ListItem\",\"position\":3,\"name\":\"Traducci\u00f3n\"}]},{\"@type\":\"WebSite\",\"@id\":\"https:\\\/\\\/interfluency.com\\\/es\\\/#website\",\"url\":\"https:\\\/\\\/interfluency.com\\\/es\\\/\",\"name\":\"Interfluency\",\"description\":\"\",\"publisher\":{\"@id\":\"https:\\\/\\\/interfluency.com\\\/es\\\/#organization\"},\"potentialAction\":[{\"@type\":\"SearchAction\",\"target\":{\"@type\":\"EntryPoint\",\"urlTemplate\":\"https:\\\/\\\/interfluency.com\\\/es\\\/?s={search_term_string}\"},\"query-input\":{\"@type\":\"PropertyValueSpecification\",\"valueRequired\":true,\"valueName\":\"search_term_string\"}}],\"inLanguage\":\"es\"},{\"@type\":\"Organization\",\"@id\":\"https:\\\/\\\/interfluency.com\\\/es\\\/#organization\",\"name\":\"Interfluency\u2122 Translation+Culture\",\"url\":\"https:\\\/\\\/interfluency.com\\\/es\\\/\",\"logo\":{\"@type\":\"ImageObject\",\"inLanguage\":\"es\",\"@id\":\"https:\\\/\\\/interfluency.com\\\/es\\\/#\\\/schema\\\/logo\\\/image\\\/\",\"url\":\"https:\\\/\\\/interfluency.com\\\/wp-content\\\/uploads\\\/2021\\\/02\\\/Logo-Symbol.png\",\"contentUrl\":\"https:\\\/\\\/interfluency.com\\\/wp-content\\\/uploads\\\/2021\\\/02\\\/Logo-Symbol.png\",\"width\":512,\"height\":512,\"caption\":\"Interfluency\u2122 Translation+Culture\"},\"image\":{\"@id\":\"https:\\\/\\\/interfluency.com\\\/es\\\/#\\\/schema\\\/logo\\\/image\\\/\"}}]}<\/script>\n<!-- \/ Yoast SEO plugin. -->","yoast_head_json":{"title":"Traducci\u00f3n - Interfluency","robots":{"index":"index","follow":"follow","max-snippet":"max-snippet:-1","max-image-preview":"max-image-preview:large","max-video-preview":"max-video-preview:-1"},"canonical":"https:\/\/interfluency.com\/es\/servicios\/linguistico\/traduccion\/","og_locale":"es_ES","og_type":"article","og_title":"Traducci\u00f3n - Interfluency","og_description":"Proveemos traducciones profesionales ingl\u00e9s-espa\u00f1ol y espa\u00f1ol-ingl\u00e9s al mas alto nivel de calidad. Nuestras traducciones se ajustan a la industria, profesi\u00f3n o campo del texto, como asimismo al mercado o audiencia de destino. Entre nuestros campos de especializaci\u00f3n: legal, negocios\/finanzas, marketing\/relaciones p\u00fablicas, m\u00e9dico\/salud, humanidades\/educaci\u00f3n. En cada traducci\u00f3n, Interfluency\u2122 Translation+Culture aplica fielmente los siguientes principios: Traductor profesional [&hellip;]","og_url":"https:\/\/interfluency.com\/es\/servicios\/linguistico\/traduccion\/","og_site_name":"Interfluency","article_modified_time":"2021-03-01T04:08:55+00:00","twitter_card":"summary_large_image","twitter_misc":{"Tiempo de lectura":"1 minuto"},"schema":{"@context":"https:\/\/schema.org","@graph":[{"@type":"WebPage","@id":"https:\/\/interfluency.com\/es\/servicios\/linguistico\/traduccion\/","url":"https:\/\/interfluency.com\/es\/servicios\/linguistico\/traduccion\/","name":"Traducci\u00f3n - Interfluency","isPartOf":{"@id":"https:\/\/interfluency.com\/es\/#website"},"datePublished":"2021-02-21T07:41:44+00:00","dateModified":"2021-03-01T04:08:55+00:00","breadcrumb":{"@id":"https:\/\/interfluency.com\/es\/servicios\/linguistico\/traduccion\/#breadcrumb"},"inLanguage":"es","potentialAction":[{"@type":"ReadAction","target":["https:\/\/interfluency.com\/es\/servicios\/linguistico\/traduccion\/"]}]},{"@type":"BreadcrumbList","@id":"https:\/\/interfluency.com\/es\/servicios\/linguistico\/traduccion\/#breadcrumb","itemListElement":[{"@type":"ListItem","position":1,"name":"Servicios","item":"https:\/\/interfluency.com\/es\/servicios\/"},{"@type":"ListItem","position":2,"name":"Ling\u00fc\u00edstico","item":"https:\/\/interfluency.com\/es\/servicios\/linguistico\/"},{"@type":"ListItem","position":3,"name":"Traducci\u00f3n"}]},{"@type":"WebSite","@id":"https:\/\/interfluency.com\/es\/#website","url":"https:\/\/interfluency.com\/es\/","name":"Interfluency","description":"","publisher":{"@id":"https:\/\/interfluency.com\/es\/#organization"},"potentialAction":[{"@type":"SearchAction","target":{"@type":"EntryPoint","urlTemplate":"https:\/\/interfluency.com\/es\/?s={search_term_string}"},"query-input":{"@type":"PropertyValueSpecification","valueRequired":true,"valueName":"search_term_string"}}],"inLanguage":"es"},{"@type":"Organization","@id":"https:\/\/interfluency.com\/es\/#organization","name":"Interfluency\u2122 Translation+Culture","url":"https:\/\/interfluency.com\/es\/","logo":{"@type":"ImageObject","inLanguage":"es","@id":"https:\/\/interfluency.com\/es\/#\/schema\/logo\/image\/","url":"https:\/\/interfluency.com\/wp-content\/uploads\/2021\/02\/Logo-Symbol.png","contentUrl":"https:\/\/interfluency.com\/wp-content\/uploads\/2021\/02\/Logo-Symbol.png","width":512,"height":512,"caption":"Interfluency\u2122 Translation+Culture"},"image":{"@id":"https:\/\/interfluency.com\/es\/#\/schema\/logo\/image\/"}}]}},"_links":{"self":[{"href":"https:\/\/interfluency.com\/es\/wp-json\/wp\/v2\/pages\/443","targetHints":{"allow":["GET"]}}],"collection":[{"href":"https:\/\/interfluency.com\/es\/wp-json\/wp\/v2\/pages"}],"about":[{"href":"https:\/\/interfluency.com\/es\/wp-json\/wp\/v2\/types\/page"}],"author":[{"embeddable":true,"href":"https:\/\/interfluency.com\/es\/wp-json\/wp\/v2\/users\/4"}],"replies":[{"embeddable":true,"href":"https:\/\/interfluency.com\/es\/wp-json\/wp\/v2\/comments?post=443"}],"version-history":[{"count":2,"href":"https:\/\/interfluency.com\/es\/wp-json\/wp\/v2\/pages\/443\/revisions"}],"predecessor-version":[{"id":1039,"href":"https:\/\/interfluency.com\/es\/wp-json\/wp\/v2\/pages\/443\/revisions\/1039"}],"up":[{"embeddable":true,"href":"https:\/\/interfluency.com\/es\/wp-json\/wp\/v2\/pages\/442"}],"wp:attachment":[{"href":"https:\/\/interfluency.com\/es\/wp-json\/wp\/v2\/media?parent=443"}],"curies":[{"name":"wp","href":"https:\/\/api.w.org\/{rel}","templated":true}]}}