{"id":439,"date":"2021-02-21T01:38:45","date_gmt":"2021-02-21T07:38:45","guid":{"rendered":"https:\/\/interfluency.com\/?page_id=439"},"modified":"2021-02-22T03:16:40","modified_gmt":"2021-02-22T09:16:40","slug":"nuestro-equipo","status":"publish","type":"page","link":"https:\/\/interfluency.com\/es\/general\/nuestro-equipo\/","title":{"rendered":"Nuestro equipo"},"content":{"rendered":"<h2>Pablo Juli\u00e1n Davis, Ph.D.<\/h2>\n<p><strong>Principal<\/strong><\/p>\n<p><strong><img loading=\"lazy\" decoding=\"async\" class=\"size-full wp-image-929 alignright\" src=\"https:\/\/interfluency.com\/wp-content\/uploads\/2021\/02\/153698749_1551839581675800_8745964014742866019_n.jpg\" alt=\"\" width=\"180\" height=\"274\" \/><\/strong><\/p>\n<p>Con m\u00e1s de 20 a\u00f1os de \u00e9xito como traductor e int\u00e9rprete profesional, educador y m\u00fasico, poseedor de un dominio nativo completo del espa\u00f1ol e ingl\u00e9s y una experiencia variada profesional en Estados Unidos y Am\u00e9rica Latina, el Dr. Davis aporta un nivel de capacidad y un profundidad de conocimiento sobresalientes. Es Traductor Certificado por la Asociaci\u00f3n Norteamericana de Traductores (ATA, American Translators Association; ingl\u00e9s&gt;espa\u00f1ol) e Int\u00e9rprete Certificado por las Cortes de Tennessee y Kentucky (ingl\u00e9s&lt;&gt;espa\u00f1ol).<\/p>\n<hr \/>\n<div class=\"new fresh\">\n<h2>Luis Mart\u00ednez-Fern\u00e1ndez, Ph.D.<\/h2>\n<p><img loading=\"lazy\" decoding=\"async\" class=\"size-full wp-image-933 alignright\" src=\"https:\/\/interfluency.com\/wp-content\/uploads\/2021\/02\/153635404_1551839575009134_7579032865216845385_n.jpg\" alt=\"\" width=\"180\" height=\"257\" \/>Una autoridad mundial sobre el Caribe Hispano, el Dr. Mart\u00ednez-Fern\u00e1ndez (Ph.D., Duke University) se especializa en la historia y cultura de la Am\u00e9rica Latina moderna en la Universidad de Fl\u00f3rida Central (University of Central Florida). El programa televisivo especial \u00abViva! Top 20 Powerbrokers\u00bb, transmitido a nivel nacional, lo present\u00f3 en el a\u00f1o 2002 entre los l\u00edderes hispanolatinos m\u00e1s influyentes del pa\u00eds. Sus perspectivas han salido en las p\u00e1ginas de Wall Street Journal, N.Y. Times, London Financial Times y otras publicaciones.<\/p>\n<hr \/>\n<\/div>\n<div class=\"new fresh\">\n<h2>Isabel Murillo<\/h2>\n<p><img loading=\"lazy\" decoding=\"async\" class=\"size-full wp-image-931 alignright\" src=\"https:\/\/interfluency.com\/wp-content\/uploads\/2021\/02\/152333820_1551839588342466_6547651233576422094_n.jpg\" alt=\"\" width=\"180\" height=\"257\" \/>Traductora vers\u00e1til y sumamente capaz entre espa\u00f1ol e ingl\u00e9s, Isabel cuenta con m\u00e1s de 20 a\u00f1os de experiencia de alto nivel como traductora especializada en negocios, psicolog\u00eda y literatura. Su hoja de vida incluye m\u00e1s de una d\u00e9cada en mercadeo corporativo con Hewlett Packard. Ha traducido casi 200 libros en campos diversos. Es egresada de la Universidad de Barcelona, Espa\u00f1a.<\/p>\n<hr \/>\n<\/div>\n<div class=\"new fresh\">\n<h2>Margie Fern\u00e1ndez, M.A.<\/h2>\n<p>Excelente traductora y educadora cultural, Margie Fern\u00e1ndez es especialista en biling\u00fcismo, adquisici\u00f3n de lenguaje y educaci\u00f3n. Adem\u00e1s es int\u00e9rprete experimentada. Su fuerte preparaci\u00f3n en la teor\u00eda acad\u00e9mica, investigaci\u00f3n y pr\u00e1cticas educativas forman un activo importante en su trabajo ling\u00fc\u00edstico.<\/p>\n<\/div>\n","protected":false},"excerpt":{"rendered":"<p>Pablo Juli\u00e1n Davis, Ph.D. Principal Con m\u00e1s de 20 a\u00f1os de \u00e9xito como traductor e int\u00e9rprete profesional, educador y m\u00fasico, poseedor de un dominio nativo completo del espa\u00f1ol e ingl\u00e9s y una experiencia variada profesional en Estados Unidos y Am\u00e9rica Latina, el Dr. Davis aporta un nivel de capacidad y un profundidad de conocimiento sobresalientes. [&hellip;]<\/p>\n","protected":false},"author":4,"featured_media":0,"parent":433,"menu_order":4,"comment_status":"closed","ping_status":"closed","template":"","meta":{"_genesis_hide_title":false,"_genesis_hide_breadcrumbs":false,"_genesis_hide_singular_image":false,"_genesis_hide_footer_widgets":false,"_genesis_custom_body_class":"","_genesis_custom_post_class":"","_genesis_layout":"","footnotes":""},"class_list":{"0":"post-439","1":"page","2":"type-page","3":"status-publish","5":"entry"},"yoast_head":"<!-- This site is optimized with the Yoast SEO plugin v27.5 - https:\/\/yoast.com\/product\/yoast-seo-wordpress\/ -->\n<title>Nuestro equipo - Interfluency<\/title>\n<meta name=\"robots\" content=\"index, follow, max-snippet:-1, max-image-preview:large, max-video-preview:-1\" \/>\n<link rel=\"canonical\" href=\"https:\/\/interfluency.com\/es\/general\/nuestro-equipo\/\" \/>\n<meta property=\"og:locale\" content=\"es_ES\" \/>\n<meta property=\"og:type\" content=\"article\" \/>\n<meta property=\"og:title\" content=\"Nuestro equipo - Interfluency\" \/>\n<meta property=\"og:description\" content=\"Pablo Juli\u00e1n Davis, Ph.D. Principal Con m\u00e1s de 20 a\u00f1os de \u00e9xito como traductor e int\u00e9rprete profesional, educador y m\u00fasico, poseedor de un dominio nativo completo del espa\u00f1ol e ingl\u00e9s y una experiencia variada profesional en Estados Unidos y Am\u00e9rica Latina, el Dr. Davis aporta un nivel de capacidad y un profundidad de conocimiento sobresalientes. [&hellip;]\" \/>\n<meta property=\"og:url\" content=\"https:\/\/interfluency.com\/es\/general\/nuestro-equipo\/\" \/>\n<meta property=\"og:site_name\" content=\"Interfluency\" \/>\n<meta property=\"article:modified_time\" content=\"2021-02-22T09:16:40+00:00\" \/>\n<meta property=\"og:image\" content=\"https:\/\/interfluency.com\/wp-content\/uploads\/2021\/02\/153698749_1551839581675800_8745964014742866019_n.jpg\" \/>\n<meta name=\"twitter:card\" content=\"summary_large_image\" \/>\n<meta name=\"twitter:label1\" content=\"Tiempo de lectura\" \/>\n\t<meta name=\"twitter:data1\" content=\"2 minutos\" \/>\n<script type=\"application\/ld+json\" class=\"yoast-schema-graph\">{\"@context\":\"https:\\\/\\\/schema.org\",\"@graph\":[{\"@type\":\"WebPage\",\"@id\":\"https:\\\/\\\/interfluency.com\\\/es\\\/general\\\/nuestro-equipo\\\/\",\"url\":\"https:\\\/\\\/interfluency.com\\\/es\\\/general\\\/nuestro-equipo\\\/\",\"name\":\"Nuestro equipo - Interfluency\",\"isPartOf\":{\"@id\":\"https:\\\/\\\/interfluency.com\\\/es\\\/#website\"},\"primaryImageOfPage\":{\"@id\":\"https:\\\/\\\/interfluency.com\\\/es\\\/general\\\/nuestro-equipo\\\/#primaryimage\"},\"image\":{\"@id\":\"https:\\\/\\\/interfluency.com\\\/es\\\/general\\\/nuestro-equipo\\\/#primaryimage\"},\"thumbnailUrl\":\"https:\\\/\\\/interfluency.com\\\/wp-content\\\/uploads\\\/2021\\\/02\\\/153698749_1551839581675800_8745964014742866019_n.jpg\",\"datePublished\":\"2021-02-21T07:38:45+00:00\",\"dateModified\":\"2021-02-22T09:16:40+00:00\",\"breadcrumb\":{\"@id\":\"https:\\\/\\\/interfluency.com\\\/es\\\/general\\\/nuestro-equipo\\\/#breadcrumb\"},\"inLanguage\":\"es\",\"potentialAction\":[{\"@type\":\"ReadAction\",\"target\":[\"https:\\\/\\\/interfluency.com\\\/es\\\/general\\\/nuestro-equipo\\\/\"]}]},{\"@type\":\"ImageObject\",\"inLanguage\":\"es\",\"@id\":\"https:\\\/\\\/interfluency.com\\\/es\\\/general\\\/nuestro-equipo\\\/#primaryimage\",\"url\":\"https:\\\/\\\/interfluency.com\\\/wp-content\\\/uploads\\\/2021\\\/02\\\/153698749_1551839581675800_8745964014742866019_n.jpg\",\"contentUrl\":\"https:\\\/\\\/interfluency.com\\\/wp-content\\\/uploads\\\/2021\\\/02\\\/153698749_1551839581675800_8745964014742866019_n.jpg\"},{\"@type\":\"BreadcrumbList\",\"@id\":\"https:\\\/\\\/interfluency.com\\\/es\\\/general\\\/nuestro-equipo\\\/#breadcrumb\",\"itemListElement\":[{\"@type\":\"ListItem\",\"position\":1,\"name\":\"General\",\"item\":\"https:\\\/\\\/interfluency.com\\\/es\\\/general\\\/\"},{\"@type\":\"ListItem\",\"position\":2,\"name\":\"Nuestro equipo\"}]},{\"@type\":\"WebSite\",\"@id\":\"https:\\\/\\\/interfluency.com\\\/es\\\/#website\",\"url\":\"https:\\\/\\\/interfluency.com\\\/es\\\/\",\"name\":\"Interfluency\",\"description\":\"\",\"publisher\":{\"@id\":\"https:\\\/\\\/interfluency.com\\\/es\\\/#organization\"},\"potentialAction\":[{\"@type\":\"SearchAction\",\"target\":{\"@type\":\"EntryPoint\",\"urlTemplate\":\"https:\\\/\\\/interfluency.com\\\/es\\\/?s={search_term_string}\"},\"query-input\":{\"@type\":\"PropertyValueSpecification\",\"valueRequired\":true,\"valueName\":\"search_term_string\"}}],\"inLanguage\":\"es\"},{\"@type\":\"Organization\",\"@id\":\"https:\\\/\\\/interfluency.com\\\/es\\\/#organization\",\"name\":\"Interfluency\u2122 Translation+Culture\",\"url\":\"https:\\\/\\\/interfluency.com\\\/es\\\/\",\"logo\":{\"@type\":\"ImageObject\",\"inLanguage\":\"es\",\"@id\":\"https:\\\/\\\/interfluency.com\\\/es\\\/#\\\/schema\\\/logo\\\/image\\\/\",\"url\":\"https:\\\/\\\/interfluency.com\\\/wp-content\\\/uploads\\\/2021\\\/02\\\/Logo-Symbol.png\",\"contentUrl\":\"https:\\\/\\\/interfluency.com\\\/wp-content\\\/uploads\\\/2021\\\/02\\\/Logo-Symbol.png\",\"width\":512,\"height\":512,\"caption\":\"Interfluency\u2122 Translation+Culture\"},\"image\":{\"@id\":\"https:\\\/\\\/interfluency.com\\\/es\\\/#\\\/schema\\\/logo\\\/image\\\/\"}}]}<\/script>\n<!-- \/ Yoast SEO plugin. -->","yoast_head_json":{"title":"Nuestro equipo - Interfluency","robots":{"index":"index","follow":"follow","max-snippet":"max-snippet:-1","max-image-preview":"max-image-preview:large","max-video-preview":"max-video-preview:-1"},"canonical":"https:\/\/interfluency.com\/es\/general\/nuestro-equipo\/","og_locale":"es_ES","og_type":"article","og_title":"Nuestro equipo - Interfluency","og_description":"Pablo Juli\u00e1n Davis, Ph.D. Principal Con m\u00e1s de 20 a\u00f1os de \u00e9xito como traductor e int\u00e9rprete profesional, educador y m\u00fasico, poseedor de un dominio nativo completo del espa\u00f1ol e ingl\u00e9s y una experiencia variada profesional en Estados Unidos y Am\u00e9rica Latina, el Dr. Davis aporta un nivel de capacidad y un profundidad de conocimiento sobresalientes. [&hellip;]","og_url":"https:\/\/interfluency.com\/es\/general\/nuestro-equipo\/","og_site_name":"Interfluency","article_modified_time":"2021-02-22T09:16:40+00:00","og_image":[{"url":"https:\/\/interfluency.com\/wp-content\/uploads\/2021\/02\/153698749_1551839581675800_8745964014742866019_n.jpg","type":"","width":"","height":""}],"twitter_card":"summary_large_image","twitter_misc":{"Tiempo de lectura":"2 minutos"},"schema":{"@context":"https:\/\/schema.org","@graph":[{"@type":"WebPage","@id":"https:\/\/interfluency.com\/es\/general\/nuestro-equipo\/","url":"https:\/\/interfluency.com\/es\/general\/nuestro-equipo\/","name":"Nuestro equipo - Interfluency","isPartOf":{"@id":"https:\/\/interfluency.com\/es\/#website"},"primaryImageOfPage":{"@id":"https:\/\/interfluency.com\/es\/general\/nuestro-equipo\/#primaryimage"},"image":{"@id":"https:\/\/interfluency.com\/es\/general\/nuestro-equipo\/#primaryimage"},"thumbnailUrl":"https:\/\/interfluency.com\/wp-content\/uploads\/2021\/02\/153698749_1551839581675800_8745964014742866019_n.jpg","datePublished":"2021-02-21T07:38:45+00:00","dateModified":"2021-02-22T09:16:40+00:00","breadcrumb":{"@id":"https:\/\/interfluency.com\/es\/general\/nuestro-equipo\/#breadcrumb"},"inLanguage":"es","potentialAction":[{"@type":"ReadAction","target":["https:\/\/interfluency.com\/es\/general\/nuestro-equipo\/"]}]},{"@type":"ImageObject","inLanguage":"es","@id":"https:\/\/interfluency.com\/es\/general\/nuestro-equipo\/#primaryimage","url":"https:\/\/interfluency.com\/wp-content\/uploads\/2021\/02\/153698749_1551839581675800_8745964014742866019_n.jpg","contentUrl":"https:\/\/interfluency.com\/wp-content\/uploads\/2021\/02\/153698749_1551839581675800_8745964014742866019_n.jpg"},{"@type":"BreadcrumbList","@id":"https:\/\/interfluency.com\/es\/general\/nuestro-equipo\/#breadcrumb","itemListElement":[{"@type":"ListItem","position":1,"name":"General","item":"https:\/\/interfluency.com\/es\/general\/"},{"@type":"ListItem","position":2,"name":"Nuestro equipo"}]},{"@type":"WebSite","@id":"https:\/\/interfluency.com\/es\/#website","url":"https:\/\/interfluency.com\/es\/","name":"Interfluency","description":"","publisher":{"@id":"https:\/\/interfluency.com\/es\/#organization"},"potentialAction":[{"@type":"SearchAction","target":{"@type":"EntryPoint","urlTemplate":"https:\/\/interfluency.com\/es\/?s={search_term_string}"},"query-input":{"@type":"PropertyValueSpecification","valueRequired":true,"valueName":"search_term_string"}}],"inLanguage":"es"},{"@type":"Organization","@id":"https:\/\/interfluency.com\/es\/#organization","name":"Interfluency\u2122 Translation+Culture","url":"https:\/\/interfluency.com\/es\/","logo":{"@type":"ImageObject","inLanguage":"es","@id":"https:\/\/interfluency.com\/es\/#\/schema\/logo\/image\/","url":"https:\/\/interfluency.com\/wp-content\/uploads\/2021\/02\/Logo-Symbol.png","contentUrl":"https:\/\/interfluency.com\/wp-content\/uploads\/2021\/02\/Logo-Symbol.png","width":512,"height":512,"caption":"Interfluency\u2122 Translation+Culture"},"image":{"@id":"https:\/\/interfluency.com\/es\/#\/schema\/logo\/image\/"}}]}},"_links":{"self":[{"href":"https:\/\/interfluency.com\/es\/wp-json\/wp\/v2\/pages\/439","targetHints":{"allow":["GET"]}}],"collection":[{"href":"https:\/\/interfluency.com\/es\/wp-json\/wp\/v2\/pages"}],"about":[{"href":"https:\/\/interfluency.com\/es\/wp-json\/wp\/v2\/types\/page"}],"author":[{"embeddable":true,"href":"https:\/\/interfluency.com\/es\/wp-json\/wp\/v2\/users\/4"}],"replies":[{"embeddable":true,"href":"https:\/\/interfluency.com\/es\/wp-json\/wp\/v2\/comments?post=439"}],"version-history":[{"count":5,"href":"https:\/\/interfluency.com\/es\/wp-json\/wp\/v2\/pages\/439\/revisions"}],"predecessor-version":[{"id":947,"href":"https:\/\/interfluency.com\/es\/wp-json\/wp\/v2\/pages\/439\/revisions\/947"}],"up":[{"embeddable":true,"href":"https:\/\/interfluency.com\/es\/wp-json\/wp\/v2\/pages\/433"}],"wp:attachment":[{"href":"https:\/\/interfluency.com\/es\/wp-json\/wp\/v2\/media?parent=439"}],"curies":[{"name":"wp","href":"https:\/\/api.w.org\/{rel}","templated":true}]}}