{"id":438,"date":"2021-02-21T01:37:56","date_gmt":"2021-02-21T07:37:56","guid":{"rendered":"https:\/\/interfluency.com\/?page_id=438"},"modified":"2021-02-21T19:58:38","modified_gmt":"2021-02-22T01:58:38","slug":"la-palabra-interfluency","status":"publish","type":"page","link":"https:\/\/interfluency.com\/es\/general\/la-palabra-interfluency\/","title":{"rendered":"La palabra \u201dInterfluency\u201d"},"content":{"rendered":"<p>La capacidad de moverse \u00e1gilmente entre idiomas, lo cual inevitablemente significa cruzar fronteras culturales, es la clave de la traducci\u00f3n eficaz. Es tambi\u00e9n una habilidad muy cotizada en el mundo actual, y cuyo valor promete subir en el futuro. Como no encontramos una palabra que, por s\u00ed sola, expresara todo lo que esta habilidad abarca, inventamos una nueva: Interfluencia\u2122 junto a su equivalente en ingl\u00e9s, Interfluency\u2122. \u00a1Estamos a sus \u00f3rdenes para poner nuestra Interfluencia\u2122 a trabajar para usted!<\/p>\n","protected":false},"excerpt":{"rendered":"<p>La capacidad de moverse \u00e1gilmente entre idiomas, lo cual inevitablemente significa cruzar fronteras culturales, es la clave de la traducci\u00f3n eficaz. Es tambi\u00e9n una habilidad muy cotizada en el mundo actual, y cuyo valor promete subir en el futuro. Como no encontramos una palabra que, por s\u00ed sola, expresara todo lo que esta habilidad abarca, [&hellip;]<\/p>\n","protected":false},"author":4,"featured_media":0,"parent":433,"menu_order":2,"comment_status":"closed","ping_status":"closed","template":"","meta":{"_genesis_hide_title":false,"_genesis_hide_breadcrumbs":false,"_genesis_hide_singular_image":false,"_genesis_hide_footer_widgets":false,"_genesis_custom_body_class":"","_genesis_custom_post_class":"","_genesis_layout":"","footnotes":""},"class_list":{"0":"post-438","1":"page","2":"type-page","3":"status-publish","5":"entry"},"yoast_head":"<!-- This site is optimized with the Yoast SEO plugin v27.6 - https:\/\/yoast.com\/product\/yoast-seo-wordpress\/ -->\n<title>La palabra \u201dInterfluency\u201d - Interfluency<\/title>\n<meta name=\"robots\" content=\"index, follow, max-snippet:-1, max-image-preview:large, max-video-preview:-1\" \/>\n<link rel=\"canonical\" href=\"https:\/\/interfluency.com\/es\/general\/la-palabra-interfluency\/\" \/>\n<meta property=\"og:locale\" content=\"es_ES\" \/>\n<meta property=\"og:type\" content=\"article\" \/>\n<meta property=\"og:title\" content=\"La palabra \u201dInterfluency\u201d - Interfluency\" \/>\n<meta property=\"og:description\" content=\"La capacidad de moverse \u00e1gilmente entre idiomas, lo cual inevitablemente significa cruzar fronteras culturales, es la clave de la traducci\u00f3n eficaz. Es tambi\u00e9n una habilidad muy cotizada en el mundo actual, y cuyo valor promete subir en el futuro. Como no encontramos una palabra que, por s\u00ed sola, expresara todo lo que esta habilidad abarca, [&hellip;]\" \/>\n<meta property=\"og:url\" content=\"https:\/\/interfluency.com\/es\/general\/la-palabra-interfluency\/\" \/>\n<meta property=\"og:site_name\" content=\"Interfluency\" \/>\n<meta property=\"article:modified_time\" content=\"2021-02-22T01:58:38+00:00\" \/>\n<meta name=\"twitter:card\" content=\"summary_large_image\" \/>\n<meta name=\"twitter:label1\" content=\"Tiempo de lectura\" \/>\n\t<meta name=\"twitter:data1\" content=\"1 minuto\" \/>\n<script type=\"application\/ld+json\" class=\"yoast-schema-graph\">{\"@context\":\"https:\\\/\\\/schema.org\",\"@graph\":[{\"@type\":\"WebPage\",\"@id\":\"https:\\\/\\\/interfluency.com\\\/es\\\/general\\\/la-palabra-interfluency\\\/\",\"url\":\"https:\\\/\\\/interfluency.com\\\/es\\\/general\\\/la-palabra-interfluency\\\/\",\"name\":\"La palabra \u201dInterfluency\u201d - Interfluency\",\"isPartOf\":{\"@id\":\"https:\\\/\\\/interfluency.com\\\/es\\\/#website\"},\"datePublished\":\"2021-02-21T07:37:56+00:00\",\"dateModified\":\"2021-02-22T01:58:38+00:00\",\"breadcrumb\":{\"@id\":\"https:\\\/\\\/interfluency.com\\\/es\\\/general\\\/la-palabra-interfluency\\\/#breadcrumb\"},\"inLanguage\":\"es\",\"potentialAction\":[{\"@type\":\"ReadAction\",\"target\":[\"https:\\\/\\\/interfluency.com\\\/es\\\/general\\\/la-palabra-interfluency\\\/\"]}]},{\"@type\":\"BreadcrumbList\",\"@id\":\"https:\\\/\\\/interfluency.com\\\/es\\\/general\\\/la-palabra-interfluency\\\/#breadcrumb\",\"itemListElement\":[{\"@type\":\"ListItem\",\"position\":1,\"name\":\"General\",\"item\":\"https:\\\/\\\/interfluency.com\\\/es\\\/general\\\/\"},{\"@type\":\"ListItem\",\"position\":2,\"name\":\"La palabra \u201dInterfluency\u201d\"}]},{\"@type\":\"WebSite\",\"@id\":\"https:\\\/\\\/interfluency.com\\\/es\\\/#website\",\"url\":\"https:\\\/\\\/interfluency.com\\\/es\\\/\",\"name\":\"Interfluency\",\"description\":\"\",\"publisher\":{\"@id\":\"https:\\\/\\\/interfluency.com\\\/es\\\/#organization\"},\"potentialAction\":[{\"@type\":\"SearchAction\",\"target\":{\"@type\":\"EntryPoint\",\"urlTemplate\":\"https:\\\/\\\/interfluency.com\\\/es\\\/?s={search_term_string}\"},\"query-input\":{\"@type\":\"PropertyValueSpecification\",\"valueRequired\":true,\"valueName\":\"search_term_string\"}}],\"inLanguage\":\"es\"},{\"@type\":\"Organization\",\"@id\":\"https:\\\/\\\/interfluency.com\\\/es\\\/#organization\",\"name\":\"Interfluency\u2122 Translation+Culture\",\"url\":\"https:\\\/\\\/interfluency.com\\\/es\\\/\",\"logo\":{\"@type\":\"ImageObject\",\"inLanguage\":\"es\",\"@id\":\"https:\\\/\\\/interfluency.com\\\/es\\\/#\\\/schema\\\/logo\\\/image\\\/\",\"url\":\"https:\\\/\\\/interfluency.com\\\/wp-content\\\/uploads\\\/2021\\\/02\\\/Logo-Symbol.png\",\"contentUrl\":\"https:\\\/\\\/interfluency.com\\\/wp-content\\\/uploads\\\/2021\\\/02\\\/Logo-Symbol.png\",\"width\":512,\"height\":512,\"caption\":\"Interfluency\u2122 Translation+Culture\"},\"image\":{\"@id\":\"https:\\\/\\\/interfluency.com\\\/es\\\/#\\\/schema\\\/logo\\\/image\\\/\"}}]}<\/script>\n<!-- \/ Yoast SEO plugin. -->","yoast_head_json":{"title":"La palabra \u201dInterfluency\u201d - Interfluency","robots":{"index":"index","follow":"follow","max-snippet":"max-snippet:-1","max-image-preview":"max-image-preview:large","max-video-preview":"max-video-preview:-1"},"canonical":"https:\/\/interfluency.com\/es\/general\/la-palabra-interfluency\/","og_locale":"es_ES","og_type":"article","og_title":"La palabra \u201dInterfluency\u201d - Interfluency","og_description":"La capacidad de moverse \u00e1gilmente entre idiomas, lo cual inevitablemente significa cruzar fronteras culturales, es la clave de la traducci\u00f3n eficaz. Es tambi\u00e9n una habilidad muy cotizada en el mundo actual, y cuyo valor promete subir en el futuro. Como no encontramos una palabra que, por s\u00ed sola, expresara todo lo que esta habilidad abarca, [&hellip;]","og_url":"https:\/\/interfluency.com\/es\/general\/la-palabra-interfluency\/","og_site_name":"Interfluency","article_modified_time":"2021-02-22T01:58:38+00:00","twitter_card":"summary_large_image","twitter_misc":{"Tiempo de lectura":"1 minuto"},"schema":{"@context":"https:\/\/schema.org","@graph":[{"@type":"WebPage","@id":"https:\/\/interfluency.com\/es\/general\/la-palabra-interfluency\/","url":"https:\/\/interfluency.com\/es\/general\/la-palabra-interfluency\/","name":"La palabra \u201dInterfluency\u201d - Interfluency","isPartOf":{"@id":"https:\/\/interfluency.com\/es\/#website"},"datePublished":"2021-02-21T07:37:56+00:00","dateModified":"2021-02-22T01:58:38+00:00","breadcrumb":{"@id":"https:\/\/interfluency.com\/es\/general\/la-palabra-interfluency\/#breadcrumb"},"inLanguage":"es","potentialAction":[{"@type":"ReadAction","target":["https:\/\/interfluency.com\/es\/general\/la-palabra-interfluency\/"]}]},{"@type":"BreadcrumbList","@id":"https:\/\/interfluency.com\/es\/general\/la-palabra-interfluency\/#breadcrumb","itemListElement":[{"@type":"ListItem","position":1,"name":"General","item":"https:\/\/interfluency.com\/es\/general\/"},{"@type":"ListItem","position":2,"name":"La palabra \u201dInterfluency\u201d"}]},{"@type":"WebSite","@id":"https:\/\/interfluency.com\/es\/#website","url":"https:\/\/interfluency.com\/es\/","name":"Interfluency","description":"","publisher":{"@id":"https:\/\/interfluency.com\/es\/#organization"},"potentialAction":[{"@type":"SearchAction","target":{"@type":"EntryPoint","urlTemplate":"https:\/\/interfluency.com\/es\/?s={search_term_string}"},"query-input":{"@type":"PropertyValueSpecification","valueRequired":true,"valueName":"search_term_string"}}],"inLanguage":"es"},{"@type":"Organization","@id":"https:\/\/interfluency.com\/es\/#organization","name":"Interfluency\u2122 Translation+Culture","url":"https:\/\/interfluency.com\/es\/","logo":{"@type":"ImageObject","inLanguage":"es","@id":"https:\/\/interfluency.com\/es\/#\/schema\/logo\/image\/","url":"https:\/\/interfluency.com\/wp-content\/uploads\/2021\/02\/Logo-Symbol.png","contentUrl":"https:\/\/interfluency.com\/wp-content\/uploads\/2021\/02\/Logo-Symbol.png","width":512,"height":512,"caption":"Interfluency\u2122 Translation+Culture"},"image":{"@id":"https:\/\/interfluency.com\/es\/#\/schema\/logo\/image\/"}}]}},"_links":{"self":[{"href":"https:\/\/interfluency.com\/es\/wp-json\/wp\/v2\/pages\/438","targetHints":{"allow":["GET"]}}],"collection":[{"href":"https:\/\/interfluency.com\/es\/wp-json\/wp\/v2\/pages"}],"about":[{"href":"https:\/\/interfluency.com\/es\/wp-json\/wp\/v2\/types\/page"}],"author":[{"embeddable":true,"href":"https:\/\/interfluency.com\/es\/wp-json\/wp\/v2\/users\/4"}],"replies":[{"embeddable":true,"href":"https:\/\/interfluency.com\/es\/wp-json\/wp\/v2\/comments?post=438"}],"version-history":[{"count":2,"href":"https:\/\/interfluency.com\/es\/wp-json\/wp\/v2\/pages\/438\/revisions"}],"predecessor-version":[{"id":918,"href":"https:\/\/interfluency.com\/es\/wp-json\/wp\/v2\/pages\/438\/revisions\/918"}],"up":[{"embeddable":true,"href":"https:\/\/interfluency.com\/es\/wp-json\/wp\/v2\/pages\/433"}],"wp:attachment":[{"href":"https:\/\/interfluency.com\/es\/wp-json\/wp\/v2\/media?parent=438"}],"curies":[{"name":"wp","href":"https:\/\/api.w.org\/{rel}","templated":true}]}}