{"id":437,"date":"2021-02-21T01:37:42","date_gmt":"2021-02-21T07:37:42","guid":{"rendered":"https:\/\/interfluency.com\/?page_id=437"},"modified":"2021-02-28T22:12:18","modified_gmt":"2021-03-01T04:12:18","slug":"que-hacemos","status":"publish","type":"page","link":"https:\/\/interfluency.com\/es\/general\/que-hacemos\/","title":{"rendered":"Qu\u00e9 hacemos"},"content":{"rendered":"<p>Interfluencia\/Interfluency\u2122 Translation+Culture brinda servicios de calidad, confiabilidad y profesionalismo superiores en dos sectores: ling\u00fc\u00edstico y cultural. El sector ling\u00fc\u00edstico abarca traducciones espa\u00f1ol-ingl\u00e9s e ingl\u00e9s-espa\u00f1ol, adem\u00e1s de interpretaci\u00f3n (simult\u00e1nea, consecutiva y de conferencias\/congresos), redacci\u00f3n, correcci\u00f3n y servicios afines. El sector cultural transmite conocimientos y comprensi\u00f3n de la cultura hispano\/latinoamericana, el idioma espa\u00f1ol y asuntos multiculturales y de diversidad, mediante seminarios, talleres y otros veh\u00edculos de entrenamiento y educaci\u00f3n. Adem\u00e1s, nos consultan compa\u00f1\u00edas y organizaciones que buscan ayuda para identificar e implementar soluciones aut\u00e9nticas y de alta calidad a desaf\u00edos culturales y ling\u00fc\u00edsticos.<\/p>\n","protected":false},"excerpt":{"rendered":"<p>Interfluencia\/Interfluency\u2122 Translation+Culture brinda servicios de calidad, confiabilidad y profesionalismo superiores en dos sectores: ling\u00fc\u00edstico y cultural. El sector ling\u00fc\u00edstico abarca traducciones espa\u00f1ol-ingl\u00e9s e ingl\u00e9s-espa\u00f1ol, adem\u00e1s de interpretaci\u00f3n (simult\u00e1nea, consecutiva y de conferencias\/congresos), redacci\u00f3n, correcci\u00f3n y servicios afines. El sector cultural transmite conocimientos y comprensi\u00f3n de la cultura hispano\/latinoamericana, el idioma espa\u00f1ol y asuntos multiculturales y [&hellip;]<\/p>\n","protected":false},"author":4,"featured_media":0,"parent":433,"menu_order":0,"comment_status":"closed","ping_status":"closed","template":"","meta":{"_genesis_hide_title":false,"_genesis_hide_breadcrumbs":false,"_genesis_hide_singular_image":false,"_genesis_hide_footer_widgets":false,"_genesis_custom_body_class":"","_genesis_custom_post_class":"","_genesis_layout":"","footnotes":""},"class_list":{"0":"post-437","1":"page","2":"type-page","3":"status-publish","5":"entry"},"yoast_head":"<!-- This site is optimized with the Yoast SEO plugin v27.5 - https:\/\/yoast.com\/product\/yoast-seo-wordpress\/ -->\n<title>Qu\u00e9 hacemos - Interfluency<\/title>\n<meta name=\"robots\" content=\"index, follow, max-snippet:-1, max-image-preview:large, max-video-preview:-1\" \/>\n<link rel=\"canonical\" href=\"https:\/\/interfluency.com\/es\/general\/que-hacemos\/\" \/>\n<meta property=\"og:locale\" content=\"es_ES\" \/>\n<meta property=\"og:type\" content=\"article\" \/>\n<meta property=\"og:title\" content=\"Qu\u00e9 hacemos - Interfluency\" \/>\n<meta property=\"og:description\" content=\"Interfluencia\/Interfluency\u2122 Translation+Culture brinda servicios de calidad, confiabilidad y profesionalismo superiores en dos sectores: ling\u00fc\u00edstico y cultural. El sector ling\u00fc\u00edstico abarca traducciones espa\u00f1ol-ingl\u00e9s e ingl\u00e9s-espa\u00f1ol, adem\u00e1s de interpretaci\u00f3n (simult\u00e1nea, consecutiva y de conferencias\/congresos), redacci\u00f3n, correcci\u00f3n y servicios afines. El sector cultural transmite conocimientos y comprensi\u00f3n de la cultura hispano\/latinoamericana, el idioma espa\u00f1ol y asuntos multiculturales y [&hellip;]\" \/>\n<meta property=\"og:url\" content=\"https:\/\/interfluency.com\/es\/general\/que-hacemos\/\" \/>\n<meta property=\"og:site_name\" content=\"Interfluency\" \/>\n<meta property=\"article:modified_time\" content=\"2021-03-01T04:12:18+00:00\" \/>\n<meta name=\"twitter:card\" content=\"summary_large_image\" \/>\n<meta name=\"twitter:label1\" content=\"Tiempo de lectura\" \/>\n\t<meta name=\"twitter:data1\" content=\"1 minuto\" \/>\n<script type=\"application\/ld+json\" class=\"yoast-schema-graph\">{\"@context\":\"https:\\\/\\\/schema.org\",\"@graph\":[{\"@type\":\"WebPage\",\"@id\":\"https:\\\/\\\/interfluency.com\\\/es\\\/general\\\/que-hacemos\\\/\",\"url\":\"https:\\\/\\\/interfluency.com\\\/es\\\/general\\\/que-hacemos\\\/\",\"name\":\"Qu\u00e9 hacemos - Interfluency\",\"isPartOf\":{\"@id\":\"https:\\\/\\\/interfluency.com\\\/es\\\/#website\"},\"datePublished\":\"2021-02-21T07:37:42+00:00\",\"dateModified\":\"2021-03-01T04:12:18+00:00\",\"breadcrumb\":{\"@id\":\"https:\\\/\\\/interfluency.com\\\/es\\\/general\\\/que-hacemos\\\/#breadcrumb\"},\"inLanguage\":\"es\",\"potentialAction\":[{\"@type\":\"ReadAction\",\"target\":[\"https:\\\/\\\/interfluency.com\\\/es\\\/general\\\/que-hacemos\\\/\"]}]},{\"@type\":\"BreadcrumbList\",\"@id\":\"https:\\\/\\\/interfluency.com\\\/es\\\/general\\\/que-hacemos\\\/#breadcrumb\",\"itemListElement\":[{\"@type\":\"ListItem\",\"position\":1,\"name\":\"General\",\"item\":\"https:\\\/\\\/interfluency.com\\\/es\\\/general\\\/\"},{\"@type\":\"ListItem\",\"position\":2,\"name\":\"Qu\u00e9 hacemos\"}]},{\"@type\":\"WebSite\",\"@id\":\"https:\\\/\\\/interfluency.com\\\/es\\\/#website\",\"url\":\"https:\\\/\\\/interfluency.com\\\/es\\\/\",\"name\":\"Interfluency\",\"description\":\"\",\"publisher\":{\"@id\":\"https:\\\/\\\/interfluency.com\\\/es\\\/#organization\"},\"potentialAction\":[{\"@type\":\"SearchAction\",\"target\":{\"@type\":\"EntryPoint\",\"urlTemplate\":\"https:\\\/\\\/interfluency.com\\\/es\\\/?s={search_term_string}\"},\"query-input\":{\"@type\":\"PropertyValueSpecification\",\"valueRequired\":true,\"valueName\":\"search_term_string\"}}],\"inLanguage\":\"es\"},{\"@type\":\"Organization\",\"@id\":\"https:\\\/\\\/interfluency.com\\\/es\\\/#organization\",\"name\":\"Interfluency\u2122 Translation+Culture\",\"url\":\"https:\\\/\\\/interfluency.com\\\/es\\\/\",\"logo\":{\"@type\":\"ImageObject\",\"inLanguage\":\"es\",\"@id\":\"https:\\\/\\\/interfluency.com\\\/es\\\/#\\\/schema\\\/logo\\\/image\\\/\",\"url\":\"https:\\\/\\\/interfluency.com\\\/wp-content\\\/uploads\\\/2021\\\/02\\\/Logo-Symbol.png\",\"contentUrl\":\"https:\\\/\\\/interfluency.com\\\/wp-content\\\/uploads\\\/2021\\\/02\\\/Logo-Symbol.png\",\"width\":512,\"height\":512,\"caption\":\"Interfluency\u2122 Translation+Culture\"},\"image\":{\"@id\":\"https:\\\/\\\/interfluency.com\\\/es\\\/#\\\/schema\\\/logo\\\/image\\\/\"}}]}<\/script>\n<!-- \/ Yoast SEO plugin. -->","yoast_head_json":{"title":"Qu\u00e9 hacemos - Interfluency","robots":{"index":"index","follow":"follow","max-snippet":"max-snippet:-1","max-image-preview":"max-image-preview:large","max-video-preview":"max-video-preview:-1"},"canonical":"https:\/\/interfluency.com\/es\/general\/que-hacemos\/","og_locale":"es_ES","og_type":"article","og_title":"Qu\u00e9 hacemos - Interfluency","og_description":"Interfluencia\/Interfluency\u2122 Translation+Culture brinda servicios de calidad, confiabilidad y profesionalismo superiores en dos sectores: ling\u00fc\u00edstico y cultural. El sector ling\u00fc\u00edstico abarca traducciones espa\u00f1ol-ingl\u00e9s e ingl\u00e9s-espa\u00f1ol, adem\u00e1s de interpretaci\u00f3n (simult\u00e1nea, consecutiva y de conferencias\/congresos), redacci\u00f3n, correcci\u00f3n y servicios afines. El sector cultural transmite conocimientos y comprensi\u00f3n de la cultura hispano\/latinoamericana, el idioma espa\u00f1ol y asuntos multiculturales y [&hellip;]","og_url":"https:\/\/interfluency.com\/es\/general\/que-hacemos\/","og_site_name":"Interfluency","article_modified_time":"2021-03-01T04:12:18+00:00","twitter_card":"summary_large_image","twitter_misc":{"Tiempo de lectura":"1 minuto"},"schema":{"@context":"https:\/\/schema.org","@graph":[{"@type":"WebPage","@id":"https:\/\/interfluency.com\/es\/general\/que-hacemos\/","url":"https:\/\/interfluency.com\/es\/general\/que-hacemos\/","name":"Qu\u00e9 hacemos - Interfluency","isPartOf":{"@id":"https:\/\/interfluency.com\/es\/#website"},"datePublished":"2021-02-21T07:37:42+00:00","dateModified":"2021-03-01T04:12:18+00:00","breadcrumb":{"@id":"https:\/\/interfluency.com\/es\/general\/que-hacemos\/#breadcrumb"},"inLanguage":"es","potentialAction":[{"@type":"ReadAction","target":["https:\/\/interfluency.com\/es\/general\/que-hacemos\/"]}]},{"@type":"BreadcrumbList","@id":"https:\/\/interfluency.com\/es\/general\/que-hacemos\/#breadcrumb","itemListElement":[{"@type":"ListItem","position":1,"name":"General","item":"https:\/\/interfluency.com\/es\/general\/"},{"@type":"ListItem","position":2,"name":"Qu\u00e9 hacemos"}]},{"@type":"WebSite","@id":"https:\/\/interfluency.com\/es\/#website","url":"https:\/\/interfluency.com\/es\/","name":"Interfluency","description":"","publisher":{"@id":"https:\/\/interfluency.com\/es\/#organization"},"potentialAction":[{"@type":"SearchAction","target":{"@type":"EntryPoint","urlTemplate":"https:\/\/interfluency.com\/es\/?s={search_term_string}"},"query-input":{"@type":"PropertyValueSpecification","valueRequired":true,"valueName":"search_term_string"}}],"inLanguage":"es"},{"@type":"Organization","@id":"https:\/\/interfluency.com\/es\/#organization","name":"Interfluency\u2122 Translation+Culture","url":"https:\/\/interfluency.com\/es\/","logo":{"@type":"ImageObject","inLanguage":"es","@id":"https:\/\/interfluency.com\/es\/#\/schema\/logo\/image\/","url":"https:\/\/interfluency.com\/wp-content\/uploads\/2021\/02\/Logo-Symbol.png","contentUrl":"https:\/\/interfluency.com\/wp-content\/uploads\/2021\/02\/Logo-Symbol.png","width":512,"height":512,"caption":"Interfluency\u2122 Translation+Culture"},"image":{"@id":"https:\/\/interfluency.com\/es\/#\/schema\/logo\/image\/"}}]}},"_links":{"self":[{"href":"https:\/\/interfluency.com\/es\/wp-json\/wp\/v2\/pages\/437","targetHints":{"allow":["GET"]}}],"collection":[{"href":"https:\/\/interfluency.com\/es\/wp-json\/wp\/v2\/pages"}],"about":[{"href":"https:\/\/interfluency.com\/es\/wp-json\/wp\/v2\/types\/page"}],"author":[{"embeddable":true,"href":"https:\/\/interfluency.com\/es\/wp-json\/wp\/v2\/users\/4"}],"replies":[{"embeddable":true,"href":"https:\/\/interfluency.com\/es\/wp-json\/wp\/v2\/comments?post=437"}],"version-history":[{"count":3,"href":"https:\/\/interfluency.com\/es\/wp-json\/wp\/v2\/pages\/437\/revisions"}],"predecessor-version":[{"id":1044,"href":"https:\/\/interfluency.com\/es\/wp-json\/wp\/v2\/pages\/437\/revisions\/1044"}],"up":[{"embeddable":true,"href":"https:\/\/interfluency.com\/es\/wp-json\/wp\/v2\/pages\/433"}],"wp:attachment":[{"href":"https:\/\/interfluency.com\/es\/wp-json\/wp\/v2\/media?parent=437"}],"curies":[{"name":"wp","href":"https:\/\/api.w.org\/{rel}","templated":true}]}}