{"id":435,"date":"2021-02-21T01:36:46","date_gmt":"2021-02-21T07:36:46","guid":{"rendered":"https:\/\/interfluency.com\/?page_id=435"},"modified":"2021-02-21T01:50:36","modified_gmt":"2021-02-21T07:50:36","slug":"testimonios","status":"publish","type":"page","link":"https:\/\/interfluency.com\/es\/testimonios\/","title":{"rendered":"Testimonios"},"content":{"rendered":"<p>A continuaci\u00f3n, a modo de muestra, los comentarios de s\u00f3lo algunos de nuestros clientes m\u00e1s que satisfechos. En breve incluiremos m\u00e1s testimonios.<\/p>\n<blockquote><p>\u00abSu traducci\u00f3n es impecable, y ha captado a la perfecci\u00f3n el contenido y tono de mi texto. Estaba segura de que usted har\u00eda un trabajo excelente, pero ha sobrepasado todas mis expectativas (y eso es mucho decir). [Your translation is impeccable, and you&#8217;ve captured to perfection the content and tone of my writing. I expected excellent work coming from you, but you have exceeded my expectations (and that is saying a lot).]\u00bb<\/p><\/blockquote>\n<p>\u2014 Ana Mar\u00eda Mutis, Ph.D.<br \/>\n<em>Investigadora Literaria<\/em><\/p>\n<blockquote><p>\u00abSi yo estuviera buscando servicios de facilitaci\u00f3n de la comunicaci\u00f3n entre grupos de habla hispana e inglesa en un contexto ya sea de negocios, acad\u00e9mico u otra situaci\u00f3n intercultural, el Dr. Davis ser\u00eda mi primera preferencia. [If I were looking for professional facilitation of communication between Spanish-speaking and English-speaking groups in a business, academic, or other intercultural setting, Dr. Davis would be my first choice.]\u00bb<\/p><\/blockquote>\n<p>\u2014 Eric Henager, Ph.D.<br \/>\n<em>Profesor Asociador de Lenguas y Literaturas Modernas, Rhodes College<\/em><\/p>\n<blockquote><p>\u00abFue un placer trabajar con usted: es profesional, servicial y muy completo. Su trabajo agreg\u00f3 much\u00edsimo valor a estos art\u00edculos. Gracias por trabajar conmigo con plazos de entrega tan cortos y con tanta urgencia. [You were a pleasure to work with\u2014professional, helpful, and thorough. Your work added so much value to these articles. Thank you for working with me on tight turnarounds and rush jobs.]\u00bb<\/p><\/blockquote>\n<p>\u2014 Rebecca Parks<br \/>\n<em>Editora S\u00e9nior, Gale\/A part of Cengage Learning<\/em><\/p>\n<blockquote><p>\u00abHe tenido la oportunidad de trabajar con Pablo Davis en varias ocasiones, en proyectos de traducci\u00f3n al espa\u00f1ol de DVDs de perfeccionamiento de mi compa\u00f1\u00eda, en el \u00e1rea de salud. Para servicios de traducci\u00f3n, recomiendo a Pablo con gran entusiasmo. [I have had the opportunity to work with Pablo Davis on several occasions to produce Spanish language translations for my company&#8217;s medical training DVDs. I highly recommend Pablo for translation services.]\u00bb<\/p><\/blockquote>\n<p>\u2014 Andy Spratt<br \/>\n<em>Presidente, Family Health Media<\/em><\/p>\n","protected":false},"excerpt":{"rendered":"<p>A continuaci\u00f3n, a modo de muestra, los comentarios de s\u00f3lo algunos de nuestros clientes m\u00e1s que satisfechos. En breve incluiremos m\u00e1s testimonios. \u00abSu traducci\u00f3n es impecable, y ha captado a la perfecci\u00f3n el contenido y tono de mi texto. Estaba segura de que usted har\u00eda un trabajo excelente, pero ha sobrepasado todas mis expectativas (y [&hellip;]<\/p>\n","protected":false},"author":4,"featured_media":0,"parent":0,"menu_order":60,"comment_status":"closed","ping_status":"closed","template":"","meta":{"_genesis_hide_title":false,"_genesis_hide_breadcrumbs":false,"_genesis_hide_singular_image":false,"_genesis_hide_footer_widgets":false,"_genesis_custom_body_class":"","_genesis_custom_post_class":"","_genesis_layout":"","footnotes":""},"class_list":{"0":"post-435","1":"page","2":"type-page","3":"status-publish","5":"entry"},"yoast_head":"<!-- This site is optimized with the Yoast SEO plugin v27.4 - https:\/\/yoast.com\/product\/yoast-seo-wordpress\/ -->\n<title>Testimonios - Interfluency<\/title>\n<meta name=\"robots\" content=\"index, follow, max-snippet:-1, max-image-preview:large, max-video-preview:-1\" \/>\n<link rel=\"canonical\" href=\"https:\/\/interfluency.com\/es\/testimonios\/\" \/>\n<meta property=\"og:locale\" content=\"es_ES\" \/>\n<meta property=\"og:type\" content=\"article\" \/>\n<meta property=\"og:title\" content=\"Testimonios - Interfluency\" \/>\n<meta property=\"og:description\" content=\"A continuaci\u00f3n, a modo de muestra, los comentarios de s\u00f3lo algunos de nuestros clientes m\u00e1s que satisfechos. En breve incluiremos m\u00e1s testimonios. \u00abSu traducci\u00f3n es impecable, y ha captado a la perfecci\u00f3n el contenido y tono de mi texto. Estaba segura de que usted har\u00eda un trabajo excelente, pero ha sobrepasado todas mis expectativas (y [&hellip;]\" \/>\n<meta property=\"og:url\" content=\"https:\/\/interfluency.com\/es\/testimonios\/\" \/>\n<meta property=\"og:site_name\" content=\"Interfluency\" \/>\n<meta property=\"article:modified_time\" content=\"2021-02-21T07:50:36+00:00\" \/>\n<meta name=\"twitter:card\" content=\"summary_large_image\" \/>\n<meta name=\"twitter:label1\" content=\"Tiempo de lectura\" \/>\n\t<meta name=\"twitter:data1\" content=\"2 minutos\" \/>\n<script type=\"application\/ld+json\" class=\"yoast-schema-graph\">{\"@context\":\"https:\\\/\\\/schema.org\",\"@graph\":[{\"@type\":\"WebPage\",\"@id\":\"https:\\\/\\\/interfluency.com\\\/es\\\/testimonios\\\/\",\"url\":\"https:\\\/\\\/interfluency.com\\\/es\\\/testimonios\\\/\",\"name\":\"Testimonios - Interfluency\",\"isPartOf\":{\"@id\":\"https:\\\/\\\/interfluency.com\\\/es\\\/#website\"},\"datePublished\":\"2021-02-21T07:36:46+00:00\",\"dateModified\":\"2021-02-21T07:50:36+00:00\",\"inLanguage\":\"es\",\"potentialAction\":[{\"@type\":\"ReadAction\",\"target\":[\"https:\\\/\\\/interfluency.com\\\/es\\\/testimonios\\\/\"]}]},{\"@type\":\"WebSite\",\"@id\":\"https:\\\/\\\/interfluency.com\\\/es\\\/#website\",\"url\":\"https:\\\/\\\/interfluency.com\\\/es\\\/\",\"name\":\"Interfluency\",\"description\":\"\",\"publisher\":{\"@id\":\"https:\\\/\\\/interfluency.com\\\/es\\\/#organization\"},\"potentialAction\":[{\"@type\":\"SearchAction\",\"target\":{\"@type\":\"EntryPoint\",\"urlTemplate\":\"https:\\\/\\\/interfluency.com\\\/es\\\/?s={search_term_string}\"},\"query-input\":{\"@type\":\"PropertyValueSpecification\",\"valueRequired\":true,\"valueName\":\"search_term_string\"}}],\"inLanguage\":\"es\"},{\"@type\":\"Organization\",\"@id\":\"https:\\\/\\\/interfluency.com\\\/es\\\/#organization\",\"name\":\"Interfluency\u2122 Translation+Culture\",\"url\":\"https:\\\/\\\/interfluency.com\\\/es\\\/\",\"logo\":{\"@type\":\"ImageObject\",\"inLanguage\":\"es\",\"@id\":\"https:\\\/\\\/interfluency.com\\\/es\\\/#\\\/schema\\\/logo\\\/image\\\/\",\"url\":\"https:\\\/\\\/interfluency.com\\\/wp-content\\\/uploads\\\/2021\\\/02\\\/Logo-Symbol.png\",\"contentUrl\":\"https:\\\/\\\/interfluency.com\\\/wp-content\\\/uploads\\\/2021\\\/02\\\/Logo-Symbol.png\",\"width\":512,\"height\":512,\"caption\":\"Interfluency\u2122 Translation+Culture\"},\"image\":{\"@id\":\"https:\\\/\\\/interfluency.com\\\/es\\\/#\\\/schema\\\/logo\\\/image\\\/\"}}]}<\/script>\n<!-- \/ Yoast SEO plugin. -->","yoast_head_json":{"title":"Testimonios - Interfluency","robots":{"index":"index","follow":"follow","max-snippet":"max-snippet:-1","max-image-preview":"max-image-preview:large","max-video-preview":"max-video-preview:-1"},"canonical":"https:\/\/interfluency.com\/es\/testimonios\/","og_locale":"es_ES","og_type":"article","og_title":"Testimonios - Interfluency","og_description":"A continuaci\u00f3n, a modo de muestra, los comentarios de s\u00f3lo algunos de nuestros clientes m\u00e1s que satisfechos. En breve incluiremos m\u00e1s testimonios. \u00abSu traducci\u00f3n es impecable, y ha captado a la perfecci\u00f3n el contenido y tono de mi texto. Estaba segura de que usted har\u00eda un trabajo excelente, pero ha sobrepasado todas mis expectativas (y [&hellip;]","og_url":"https:\/\/interfluency.com\/es\/testimonios\/","og_site_name":"Interfluency","article_modified_time":"2021-02-21T07:50:36+00:00","twitter_card":"summary_large_image","twitter_misc":{"Tiempo de lectura":"2 minutos"},"schema":{"@context":"https:\/\/schema.org","@graph":[{"@type":"WebPage","@id":"https:\/\/interfluency.com\/es\/testimonios\/","url":"https:\/\/interfluency.com\/es\/testimonios\/","name":"Testimonios - Interfluency","isPartOf":{"@id":"https:\/\/interfluency.com\/es\/#website"},"datePublished":"2021-02-21T07:36:46+00:00","dateModified":"2021-02-21T07:50:36+00:00","inLanguage":"es","potentialAction":[{"@type":"ReadAction","target":["https:\/\/interfluency.com\/es\/testimonios\/"]}]},{"@type":"WebSite","@id":"https:\/\/interfluency.com\/es\/#website","url":"https:\/\/interfluency.com\/es\/","name":"Interfluency","description":"","publisher":{"@id":"https:\/\/interfluency.com\/es\/#organization"},"potentialAction":[{"@type":"SearchAction","target":{"@type":"EntryPoint","urlTemplate":"https:\/\/interfluency.com\/es\/?s={search_term_string}"},"query-input":{"@type":"PropertyValueSpecification","valueRequired":true,"valueName":"search_term_string"}}],"inLanguage":"es"},{"@type":"Organization","@id":"https:\/\/interfluency.com\/es\/#organization","name":"Interfluency\u2122 Translation+Culture","url":"https:\/\/interfluency.com\/es\/","logo":{"@type":"ImageObject","inLanguage":"es","@id":"https:\/\/interfluency.com\/es\/#\/schema\/logo\/image\/","url":"https:\/\/interfluency.com\/wp-content\/uploads\/2021\/02\/Logo-Symbol.png","contentUrl":"https:\/\/interfluency.com\/wp-content\/uploads\/2021\/02\/Logo-Symbol.png","width":512,"height":512,"caption":"Interfluency\u2122 Translation+Culture"},"image":{"@id":"https:\/\/interfluency.com\/es\/#\/schema\/logo\/image\/"}}]}},"_links":{"self":[{"href":"https:\/\/interfluency.com\/es\/wp-json\/wp\/v2\/pages\/435","targetHints":{"allow":["GET"]}}],"collection":[{"href":"https:\/\/interfluency.com\/es\/wp-json\/wp\/v2\/pages"}],"about":[{"href":"https:\/\/interfluency.com\/es\/wp-json\/wp\/v2\/types\/page"}],"author":[{"embeddable":true,"href":"https:\/\/interfluency.com\/es\/wp-json\/wp\/v2\/users\/4"}],"replies":[{"embeddable":true,"href":"https:\/\/interfluency.com\/es\/wp-json\/wp\/v2\/comments?post=435"}],"version-history":[{"count":3,"href":"https:\/\/interfluency.com\/es\/wp-json\/wp\/v2\/pages\/435\/revisions"}],"predecessor-version":[{"id":474,"href":"https:\/\/interfluency.com\/es\/wp-json\/wp\/v2\/pages\/435\/revisions\/474"}],"wp:attachment":[{"href":"https:\/\/interfluency.com\/es\/wp-json\/wp\/v2\/media?parent=435"}],"curies":[{"name":"wp","href":"https:\/\/api.w.org\/{rel}","templated":true}]}}