{"id":343,"date":"2021-02-20T21:00:18","date_gmt":"2021-02-21T03:00:18","guid":{"rendered":"https:\/\/interfluency.com\/?page_id=343"},"modified":"2021-02-22T03:16:37","modified_gmt":"2021-02-22T09:16:37","slug":"our-team","status":"publish","type":"page","link":"https:\/\/interfluency.com\/en\/about\/our-team\/","title":{"rendered":"Our Team"},"content":{"rendered":"<h2>Pablo Juli\u00e1n Davis, Ph.D.<\/h2>\n<p><strong>Principal<\/strong><\/p>\n<p><strong><img loading=\"lazy\" decoding=\"async\" class=\"size-full wp-image-928 alignright\" src=\"https:\/\/interfluency.com\/wp-content\/uploads\/2021\/02\/153698749_1551839581675800_8745964014742866019_n.jpg\" alt=\"\" width=\"180\" height=\"274\" \/><\/strong><\/p>\n<p>Building on over 20 years of success as a professional translator, educator, and musician, complete native command of Spanish and English and multifaceted professional experience in the US and Latin America, Dr. Davis brings superb skills and depth of understanding to the work of Interfluency Translation+Culture. He is an American Translators Association (ATA) Certified Translator (English&gt;Spanish), a Certified Interpreter (English&lt;&gt;Spanish) for the TN &amp; KY Courts, and a world-class conference interpreter whose assignments have included Nobel Peace Laureate Rigoberta Menchu Tum, theologian Dr. Ada Mar\u00eda Isasi-D\u00edaz, C\u00e9sar Ch\u00e1vez former collaborator Dolores Huerta, the late novelist Julio Cort\u00e1zar, linguist Noam Chomsky, journalist David Bacon, and many others. A holder of the doctorate from Johns Hopkins University and advanced degrees and certificates from Hopkins, Columbia University, and the University of Buenos Aires, Dr. Davis has intimate knowledge of the legal, medical, business, and educational worlds. He has taught Latin American and comparative US-Latin American history and culture, as well as Spanish, at institutions including the University of Virginia, George Washington University, Franklin and Marshall College, and the University of Memphis. He was a charter member of the Virginia Latino Advisory Commission named by the Governor of Virginia in 2003, and a former executive director of Latino Memphis, Inc., and serves as Vice-Chair of the Board of National Hispanic Professional Organization, Memphis Chapter.<\/p>\n<hr \/>\n<h2>Luis Mart\u00ednez-Fern\u00e1ndez, Ph.D.<\/h2>\n<p><img loading=\"lazy\" decoding=\"async\" class=\"size-full wp-image-932 alignright\" src=\"https:\/\/interfluency.com\/wp-content\/uploads\/2021\/02\/153635404_1551839575009134_7579032865216845385_n.jpg\" alt=\"\" width=\"180\" height=\"257\" \/>A worldwide authority on the Spanish Caribbean, Dr. Mart\u00ednez-Fern\u00e1ndez (Ph.D., Duke University) specializes in modern Latin American history and culture at the University of Central Florida. The nationally televised special &#8220;Viva! Top 20 Powerbrokers&#8221; featured him in 2002 among the nation&#8217;s most influential Hispanic\/Latino leaders. His views have appeared in the Wall Street Journal, N.Y. Times, London Financial Times, and other media.<\/p>\n<hr \/>\n<h2>Isabel Murillo<\/h2>\n<p><img loading=\"lazy\" decoding=\"async\" class=\"size-full wp-image-930 alignright\" src=\"https:\/\/interfluency.com\/wp-content\/uploads\/2021\/02\/152333820_1551839588342466_6547651233576422094_n.jpg\" alt=\"\" width=\"180\" height=\"257\" \/>A versatile and highly skilled translator between English and Spanish, Isabel Murillo has 20 years of high-level experience as a translator specializing in the business, psychology, and literary fields. She has over a decade&#8217;s experience in corporate marketing for Hewlett Packard. She has translated nearly 200 books in a range of fields. Ms. Murillo is a graduate of the University of Barcelona, Spain.<\/p>\n<hr \/>\n<h2>Margie Fern\u00e1ndez, M.A.<\/h2>\n<p>A superb translator and cultural educator, Margie Fern\u00e1ndez is a specialist in bilingualism, language acquisition, and education. She is also an experienced interpreter. Her strong grounding academic theory, research, and educational practice is a major asset she brings to her linguistic work.<\/p>\n","protected":false},"excerpt":{"rendered":"<p>Pablo Juli\u00e1n Davis, Ph.D. Principal Building on over 20 years of success as a professional translator, educator, and musician, complete native command of Spanish and English and multifaceted professional experience in the US and Latin America, Dr. Davis brings superb skills and depth of understanding to the work of Interfluency Translation+Culture. He is an American [&hellip;]<\/p>\n","protected":false},"author":4,"featured_media":0,"parent":38,"menu_order":4,"comment_status":"closed","ping_status":"closed","template":"","meta":{"_genesis_hide_title":false,"_genesis_hide_breadcrumbs":false,"_genesis_hide_singular_image":false,"_genesis_hide_footer_widgets":false,"_genesis_custom_body_class":"","_genesis_custom_post_class":"","_genesis_layout":"","footnotes":""},"class_list":{"0":"post-343","1":"page","2":"type-page","3":"status-publish","5":"entry"},"yoast_head":"<!-- This site is optimized with the Yoast SEO plugin v27.3 - https:\/\/yoast.com\/product\/yoast-seo-wordpress\/ -->\n<title>Our Team - Interfluency<\/title>\n<meta name=\"robots\" content=\"index, follow, max-snippet:-1, max-image-preview:large, max-video-preview:-1\" \/>\n<link rel=\"canonical\" href=\"https:\/\/interfluency.com\/en\/about\/our-team\/\" \/>\n<meta property=\"og:locale\" content=\"en_US\" \/>\n<meta property=\"og:type\" content=\"article\" \/>\n<meta property=\"og:title\" content=\"Our Team - Interfluency\" \/>\n<meta property=\"og:description\" content=\"Pablo Juli\u00e1n Davis, Ph.D. Principal Building on over 20 years of success as a professional translator, educator, and musician, complete native command of Spanish and English and multifaceted professional experience in the US and Latin America, Dr. Davis brings superb skills and depth of understanding to the work of Interfluency Translation+Culture. He is an American [&hellip;]\" \/>\n<meta property=\"og:url\" content=\"https:\/\/interfluency.com\/en\/about\/our-team\/\" \/>\n<meta property=\"og:site_name\" content=\"Interfluency\" \/>\n<meta property=\"article:modified_time\" content=\"2021-02-22T09:16:37+00:00\" \/>\n<meta property=\"og:image\" content=\"https:\/\/interfluency.com\/wp-content\/uploads\/2021\/02\/153698749_1551839581675800_8745964014742866019_n.jpg\" \/>\n<meta name=\"twitter:card\" content=\"summary_large_image\" \/>\n<meta name=\"twitter:label1\" content=\"Est. reading time\" \/>\n\t<meta name=\"twitter:data1\" content=\"3 minutes\" \/>\n<script type=\"application\/ld+json\" class=\"yoast-schema-graph\">{\"@context\":\"https:\\\/\\\/schema.org\",\"@graph\":[{\"@type\":\"WebPage\",\"@id\":\"https:\\\/\\\/interfluency.com\\\/en\\\/about\\\/our-team\\\/\",\"url\":\"https:\\\/\\\/interfluency.com\\\/en\\\/about\\\/our-team\\\/\",\"name\":\"Our Team - Interfluency\",\"isPartOf\":{\"@id\":\"https:\\\/\\\/interfluency.com\\\/en\\\/#website\"},\"primaryImageOfPage\":{\"@id\":\"https:\\\/\\\/interfluency.com\\\/en\\\/about\\\/our-team\\\/#primaryimage\"},\"image\":{\"@id\":\"https:\\\/\\\/interfluency.com\\\/en\\\/about\\\/our-team\\\/#primaryimage\"},\"thumbnailUrl\":\"https:\\\/\\\/interfluency.com\\\/wp-content\\\/uploads\\\/2021\\\/02\\\/153698749_1551839581675800_8745964014742866019_n.jpg\",\"datePublished\":\"2021-02-21T03:00:18+00:00\",\"dateModified\":\"2021-02-22T09:16:37+00:00\",\"breadcrumb\":{\"@id\":\"https:\\\/\\\/interfluency.com\\\/en\\\/about\\\/our-team\\\/#breadcrumb\"},\"inLanguage\":\"en-US\",\"potentialAction\":[{\"@type\":\"ReadAction\",\"target\":[\"https:\\\/\\\/interfluency.com\\\/en\\\/about\\\/our-team\\\/\"]}]},{\"@type\":\"ImageObject\",\"inLanguage\":\"en-US\",\"@id\":\"https:\\\/\\\/interfluency.com\\\/en\\\/about\\\/our-team\\\/#primaryimage\",\"url\":\"https:\\\/\\\/interfluency.com\\\/wp-content\\\/uploads\\\/2021\\\/02\\\/153698749_1551839581675800_8745964014742866019_n.jpg\",\"contentUrl\":\"https:\\\/\\\/interfluency.com\\\/wp-content\\\/uploads\\\/2021\\\/02\\\/153698749_1551839581675800_8745964014742866019_n.jpg\"},{\"@type\":\"BreadcrumbList\",\"@id\":\"https:\\\/\\\/interfluency.com\\\/en\\\/about\\\/our-team\\\/#breadcrumb\",\"itemListElement\":[{\"@type\":\"ListItem\",\"position\":1,\"name\":\"About\",\"item\":\"https:\\\/\\\/interfluency.com\\\/en\\\/about\\\/\"},{\"@type\":\"ListItem\",\"position\":2,\"name\":\"Our Team\"}]},{\"@type\":\"WebSite\",\"@id\":\"https:\\\/\\\/interfluency.com\\\/en\\\/#website\",\"url\":\"https:\\\/\\\/interfluency.com\\\/en\\\/\",\"name\":\"Interfluency\",\"description\":\"\",\"publisher\":{\"@id\":\"https:\\\/\\\/interfluency.com\\\/en\\\/#organization\"},\"potentialAction\":[{\"@type\":\"SearchAction\",\"target\":{\"@type\":\"EntryPoint\",\"urlTemplate\":\"https:\\\/\\\/interfluency.com\\\/en\\\/?s={search_term_string}\"},\"query-input\":{\"@type\":\"PropertyValueSpecification\",\"valueRequired\":true,\"valueName\":\"search_term_string\"}}],\"inLanguage\":\"en-US\"},{\"@type\":\"Organization\",\"@id\":\"https:\\\/\\\/interfluency.com\\\/en\\\/#organization\",\"name\":\"Interfluency\u2122 Translation+Culture\",\"url\":\"https:\\\/\\\/interfluency.com\\\/en\\\/\",\"logo\":{\"@type\":\"ImageObject\",\"inLanguage\":\"en-US\",\"@id\":\"https:\\\/\\\/interfluency.com\\\/en\\\/#\\\/schema\\\/logo\\\/image\\\/\",\"url\":\"https:\\\/\\\/interfluency.com\\\/wp-content\\\/uploads\\\/2021\\\/02\\\/Logo-Symbol.png\",\"contentUrl\":\"https:\\\/\\\/interfluency.com\\\/wp-content\\\/uploads\\\/2021\\\/02\\\/Logo-Symbol.png\",\"width\":512,\"height\":512,\"caption\":\"Interfluency\u2122 Translation+Culture\"},\"image\":{\"@id\":\"https:\\\/\\\/interfluency.com\\\/en\\\/#\\\/schema\\\/logo\\\/image\\\/\"}}]}<\/script>\n<!-- \/ Yoast SEO plugin. -->","yoast_head_json":{"title":"Our Team - Interfluency","robots":{"index":"index","follow":"follow","max-snippet":"max-snippet:-1","max-image-preview":"max-image-preview:large","max-video-preview":"max-video-preview:-1"},"canonical":"https:\/\/interfluency.com\/en\/about\/our-team\/","og_locale":"en_US","og_type":"article","og_title":"Our Team - Interfluency","og_description":"Pablo Juli\u00e1n Davis, Ph.D. Principal Building on over 20 years of success as a professional translator, educator, and musician, complete native command of Spanish and English and multifaceted professional experience in the US and Latin America, Dr. Davis brings superb skills and depth of understanding to the work of Interfluency Translation+Culture. He is an American [&hellip;]","og_url":"https:\/\/interfluency.com\/en\/about\/our-team\/","og_site_name":"Interfluency","article_modified_time":"2021-02-22T09:16:37+00:00","og_image":[{"url":"https:\/\/interfluency.com\/wp-content\/uploads\/2021\/02\/153698749_1551839581675800_8745964014742866019_n.jpg","type":"","width":"","height":""}],"twitter_card":"summary_large_image","twitter_misc":{"Est. reading time":"3 minutes"},"schema":{"@context":"https:\/\/schema.org","@graph":[{"@type":"WebPage","@id":"https:\/\/interfluency.com\/en\/about\/our-team\/","url":"https:\/\/interfluency.com\/en\/about\/our-team\/","name":"Our Team - Interfluency","isPartOf":{"@id":"https:\/\/interfluency.com\/en\/#website"},"primaryImageOfPage":{"@id":"https:\/\/interfluency.com\/en\/about\/our-team\/#primaryimage"},"image":{"@id":"https:\/\/interfluency.com\/en\/about\/our-team\/#primaryimage"},"thumbnailUrl":"https:\/\/interfluency.com\/wp-content\/uploads\/2021\/02\/153698749_1551839581675800_8745964014742866019_n.jpg","datePublished":"2021-02-21T03:00:18+00:00","dateModified":"2021-02-22T09:16:37+00:00","breadcrumb":{"@id":"https:\/\/interfluency.com\/en\/about\/our-team\/#breadcrumb"},"inLanguage":"en-US","potentialAction":[{"@type":"ReadAction","target":["https:\/\/interfluency.com\/en\/about\/our-team\/"]}]},{"@type":"ImageObject","inLanguage":"en-US","@id":"https:\/\/interfluency.com\/en\/about\/our-team\/#primaryimage","url":"https:\/\/interfluency.com\/wp-content\/uploads\/2021\/02\/153698749_1551839581675800_8745964014742866019_n.jpg","contentUrl":"https:\/\/interfluency.com\/wp-content\/uploads\/2021\/02\/153698749_1551839581675800_8745964014742866019_n.jpg"},{"@type":"BreadcrumbList","@id":"https:\/\/interfluency.com\/en\/about\/our-team\/#breadcrumb","itemListElement":[{"@type":"ListItem","position":1,"name":"About","item":"https:\/\/interfluency.com\/en\/about\/"},{"@type":"ListItem","position":2,"name":"Our Team"}]},{"@type":"WebSite","@id":"https:\/\/interfluency.com\/en\/#website","url":"https:\/\/interfluency.com\/en\/","name":"Interfluency","description":"","publisher":{"@id":"https:\/\/interfluency.com\/en\/#organization"},"potentialAction":[{"@type":"SearchAction","target":{"@type":"EntryPoint","urlTemplate":"https:\/\/interfluency.com\/en\/?s={search_term_string}"},"query-input":{"@type":"PropertyValueSpecification","valueRequired":true,"valueName":"search_term_string"}}],"inLanguage":"en-US"},{"@type":"Organization","@id":"https:\/\/interfluency.com\/en\/#organization","name":"Interfluency\u2122 Translation+Culture","url":"https:\/\/interfluency.com\/en\/","logo":{"@type":"ImageObject","inLanguage":"en-US","@id":"https:\/\/interfluency.com\/en\/#\/schema\/logo\/image\/","url":"https:\/\/interfluency.com\/wp-content\/uploads\/2021\/02\/Logo-Symbol.png","contentUrl":"https:\/\/interfluency.com\/wp-content\/uploads\/2021\/02\/Logo-Symbol.png","width":512,"height":512,"caption":"Interfluency\u2122 Translation+Culture"},"image":{"@id":"https:\/\/interfluency.com\/en\/#\/schema\/logo\/image\/"}}]}},"_links":{"self":[{"href":"https:\/\/interfluency.com\/en\/wp-json\/wp\/v2\/pages\/343","targetHints":{"allow":["GET"]}}],"collection":[{"href":"https:\/\/interfluency.com\/en\/wp-json\/wp\/v2\/pages"}],"about":[{"href":"https:\/\/interfluency.com\/en\/wp-json\/wp\/v2\/types\/page"}],"author":[{"embeddable":true,"href":"https:\/\/interfluency.com\/en\/wp-json\/wp\/v2\/users\/4"}],"replies":[{"embeddable":true,"href":"https:\/\/interfluency.com\/en\/wp-json\/wp\/v2\/comments?post=343"}],"version-history":[{"count":4,"href":"https:\/\/interfluency.com\/en\/wp-json\/wp\/v2\/pages\/343\/revisions"}],"predecessor-version":[{"id":948,"href":"https:\/\/interfluency.com\/en\/wp-json\/wp\/v2\/pages\/343\/revisions\/948"}],"up":[{"embeddable":true,"href":"https:\/\/interfluency.com\/en\/wp-json\/wp\/v2\/pages\/38"}],"wp:attachment":[{"href":"https:\/\/interfluency.com\/en\/wp-json\/wp\/v2\/media?parent=343"}],"curies":[{"name":"wp","href":"https:\/\/api.w.org\/{rel}","templated":true}]}}